{"id":62,"date":"2023-05-12T17:11:54","date_gmt":"2023-05-12T17:11:54","guid":{"rendered":"https:\/\/metadestinoscv.es\/?page_id=62"},"modified":"2024-01-15T19:57:04","modified_gmt":"2024-01-15T19:57:04","slug":"i-e-s-tirant-lo-blanc","status":"publish","type":"page","link":"https:\/\/metadestinoscv.es\/index.php\/i-e-s-tirant-lo-blanc\/","title":{"rendered":"IES Tirant lo Blanc\u00a0"},"content":{"rendered":"\t\t<div data-elementor-type=\"wp-page\" data-elementor-id=\"62\" class=\"elementor elementor-62\">\n\t\t\t\t\t\t<section class=\"elementor-section elementor-top-section elementor-element elementor-element-26df2da elementor-section-boxed elementor-section-height-default elementor-section-height-default\" data-id=\"26df2da\" data-element_type=\"section\" data-e-type=\"section\">\n\t\t\t\t\t\t<div class=\"elementor-container elementor-column-gap-default\">\n\t\t\t\t\t<div class=\"elementor-column elementor-col-100 elementor-top-column elementor-element elementor-element-cbfe844\" data-id=\"cbfe844\" data-element_type=\"column\" data-e-type=\"column\">\n\t\t\t<div class=\"elementor-widget-wrap elementor-element-populated\">\n\t\t\t\t\t\t<section class=\"elementor-section elementor-inner-section elementor-element elementor-element-5b4bdd9 elementor-section-boxed elementor-section-height-default elementor-section-height-default\" data-id=\"5b4bdd9\" data-element_type=\"section\" data-e-type=\"section\">\n\t\t\t\t\t\t<div class=\"elementor-container elementor-column-gap-default\">\n\t\t\t\t\t<div class=\"elementor-column elementor-col-50 elementor-inner-column elementor-element elementor-element-8743e50\" data-id=\"8743e50\" data-element_type=\"column\" data-e-type=\"column\">\n\t\t\t<div class=\"elementor-widget-wrap elementor-element-populated\">\n\t\t\t\t\t\t<div class=\"elementor-element elementor-element-6427f1d elementor-widget elementor-widget-image\" data-id=\"6427f1d\" data-element_type=\"widget\" data-e-type=\"widget\" data-widget_type=\"image.default\">\n\t\t\t\t<div class=\"elementor-widget-container\">\n\t\t\t\t\t\t\t\t\t\t\t\t\t\t\t\t<a href=\"https:\/\/metadestinoscv.es\/\">\n\t\t\t\t\t\t\t<img fetchpriority=\"high\" decoding=\"async\" width=\"671\" height=\"134\" src=\"https:\/\/metadestinoscv.es\/wp-content\/uploads\/2023\/05\/logo-metadestinos.png\" class=\"attachment-large size-large wp-image-42\" alt=\"LOGO METADESTINOS CV\" srcset=\"https:\/\/metadestinoscv.es\/wp-content\/uploads\/2023\/05\/logo-metadestinos.png 671w, https:\/\/metadestinoscv.es\/wp-content\/uploads\/2023\/05\/logo-metadestinos-300x60.png 300w\" sizes=\"(max-width: 671px) 100vw, 671px\" \/>\t\t\t\t\t\t\t\t<\/a>\n\t\t\t\t\t\t\t\t\t\t\t\t\t\t\t<\/div>\n\t\t\t\t<\/div>\n\t\t\t\t\t<\/div>\n\t\t<\/div>\n\t\t\t\t<div class=\"elementor-column elementor-col-50 elementor-inner-column elementor-element elementor-element-e889e54\" data-id=\"e889e54\" data-element_type=\"column\" data-e-type=\"column\">\n\t\t\t<div class=\"elementor-widget-wrap elementor-element-populated\">\n\t\t\t\t\t\t<div class=\"elementor-element elementor-element-c1d7cf9 elementor-widget elementor-widget-heading\" data-id=\"c1d7cf9\" data-element_type=\"widget\" data-e-type=\"widget\" data-widget_type=\"heading.default\">\n\t\t\t\t<div class=\"elementor-widget-container\">\n\t\t\t\t\t<h2 class=\"elementor-heading-title elementor-size-default\">IES TIRANT LO BLANC<\/h2>\t\t\t\t<\/div>\n\t\t\t\t<\/div>\n\t\t\t\t\t<\/div>\n\t\t<\/div>\n\t\t\t\t\t<\/div>\n\t\t<\/section>\n\t\t\t\t\t<\/div>\n\t\t<\/div>\n\t\t\t\t\t<\/div>\n\t\t<\/section>\n\t\t\t\t<section class=\"elementor-section elementor-top-section elementor-element elementor-element-aa0291e elementor-section-full_width elementor-section-stretched elementor-section-height-default elementor-section-height-default\" data-id=\"aa0291e\" data-element_type=\"section\" data-e-type=\"section\" data-settings=\"{&quot;stretch_section&quot;:&quot;section-stretched&quot;}\">\n\t\t\t\t\t\t<div class=\"elementor-container elementor-column-gap-default\">\n\t\t\t\t\t<div class=\"elementor-column elementor-col-100 elementor-top-column elementor-element elementor-element-4b97cf7\" data-id=\"4b97cf7\" data-element_type=\"column\" data-e-type=\"column\">\n\t\t\t<div class=\"elementor-widget-wrap elementor-element-populated\">\n\t\t\t\t\t\t<div class=\"elementor-element elementor-element-a9f8ab8 elementor-widget elementor-widget-image\" data-id=\"a9f8ab8\" data-element_type=\"widget\" data-e-type=\"widget\" data-widget_type=\"image.default\">\n\t\t\t\t<div class=\"elementor-widget-container\">\n\t\t\t\t\t\t\t\t\t\t\t\t\t\t\t<img decoding=\"async\" width=\"2560\" height=\"450\" src=\"https:\/\/metadestinoscv.es\/wp-content\/uploads\/2024\/01\/foto-web-instituto-Tirant-lo-Blanc.jpg\" class=\"attachment-full size-full wp-image-307\" alt=\"\" srcset=\"https:\/\/metadestinoscv.es\/wp-content\/uploads\/2024\/01\/foto-web-instituto-Tirant-lo-Blanc.jpg 2560w, https:\/\/metadestinoscv.es\/wp-content\/uploads\/2024\/01\/foto-web-instituto-Tirant-lo-Blanc-300x53.jpg 300w, https:\/\/metadestinoscv.es\/wp-content\/uploads\/2024\/01\/foto-web-instituto-Tirant-lo-Blanc-1024x180.jpg 1024w, https:\/\/metadestinoscv.es\/wp-content\/uploads\/2024\/01\/foto-web-instituto-Tirant-lo-Blanc-768x135.jpg 768w, https:\/\/metadestinoscv.es\/wp-content\/uploads\/2024\/01\/foto-web-instituto-Tirant-lo-Blanc-1536x270.jpg 1536w, https:\/\/metadestinoscv.es\/wp-content\/uploads\/2024\/01\/foto-web-instituto-Tirant-lo-Blanc-2048x360.jpg 2048w\" sizes=\"(max-width: 2560px) 100vw, 2560px\" \/>\t\t\t\t\t\t\t\t\t\t\t\t\t\t\t<\/div>\n\t\t\t\t<\/div>\n\t\t\t\t\t<\/div>\n\t\t<\/div>\n\t\t\t\t\t<\/div>\n\t\t<\/section>\n\t\t\t\t<section class=\"elementor-section elementor-top-section elementor-element elementor-element-5db9cb6f elementor-section-boxed elementor-section-height-default elementor-section-height-default\" data-id=\"5db9cb6f\" data-element_type=\"section\" data-e-type=\"section\">\n\t\t\t\t\t\t<div class=\"elementor-container elementor-column-gap-default\">\n\t\t\t\t\t<div class=\"elementor-column elementor-col-100 elementor-top-column elementor-element elementor-element-326c3ae2\" data-id=\"326c3ae2\" data-element_type=\"column\" data-e-type=\"column\">\n\t\t\t<div class=\"elementor-widget-wrap elementor-element-populated\">\n\t\t\t\t\t\t<div class=\"elementor-element elementor-element-4accc892 elementor-widget elementor-widget-text-editor\" data-id=\"4accc892\" data-element_type=\"widget\" data-e-type=\"widget\" data-widget_type=\"text-editor.default\">\n\t\t\t\t<div class=\"elementor-widget-container\">\n\t\t\t\t\t\t\t\t\t<p><\/p>\n<p><strong>IES Tirant lo Blanc<\/strong><\/p>\n<p>Desde 1.989 el IES Tirant lo Blanc es un centro de referencia en Elche. Se encuentra situado en la calle Pedro Juan Perpi\u00f1\u00e1n, 91.<br \/>El centro ofrece estudios de E.S.O., Bachillerato General, de Ciencias, Humanidades, y Ciencias sociales. Adem\u00e1s, ofrece los siguientes estudios de Formaci\u00f3n Profesional:<\/p>\n<p><\/p>\n<p><\/p>\n<p><span style=\"text-decoration: underline;\">Familia profesional de Hosteler\u00eda y Turismo:<\/span><\/p>\n<p>\u00a0 \u00a0CFGS de Agencias de Viajes y\u00a0 Gesti\u00f3n de eventos (presencial y semipresencial)<br \/>\u00a0 \u00a0CFGS de Gesti\u00f3n de Alojamientos Tur\u00edsticos (presencial y semipresencial)<br \/>\u00a0 \u00a0<strong>CFGS de Gu\u00eda, Informaci\u00f3n y Asistencias Tur\u00edsticas<\/strong><br \/>\u00a0 \u00a0FPB de Cocina y Restauraci\u00f3n<\/p>\n<p><\/p>\n<p><!-- \/wp:list --><\/p>\n<p><!-- wp:paragraph --><\/p>\n<p><span style=\"text-decoration: underline;\">Familia profesional de Inform\u00e1tica y comunicaci\u00f3n:<\/span>\u00a0<\/p>\n<p>\u00a0 \u00a0FPB de Inform\u00e1tica de Oficina.\u00a0<\/p>\n<p><!-- \/wp:paragraph --><\/p>\n<p><!-- wp:list --><\/p>\n<ul>\n<li style=\"list-style-type: none;\">\n<ul><!-- wp:list-item --><\/ul>\n<\/li>\n<\/ul>\n<p><!-- \/wp:list-item --><\/p>\n<p><!-- \/wp:list --><\/p>\n<p><!-- wp:paragraph --><\/p>\n<p>El centro forma parte de la Red Novigi, a trav\u00e9s de la participaci\u00f3n en los programas Acredita, Empren y Qualitas, contamos con el reconocimiento del distintivo de oro en la Xarxa Novigi.<\/p>\n<p>Posee la certificaci\u00f3n ISO 9001 en las FCT (Formaci\u00f3n en Centros de Trabajo), y es Centro de Excelencia en Turismo.<\/p>\n<p><!-- \/wp:paragraph --><\/p>\n<p><!-- wp:embed {\"url\":\"https:\/\/portal.edu.gva.es\/tirantloblancelx\/\"} --><\/p>\n<figure class=\"wp-block-embed\">\n<div class=\"wp-block-embed__wrapper\"><a href=\"https:\/\/portal.edu.gva.es\/tirantloblancelx\">https:\/\/portal.edu.gva.es\/tirantloblancelx<\/a>\/<\/div>\n<\/figure>\n<div>Datos de contacto.<br \/>Tel: 966912255<br \/>e-mail: 03012773@edu.gva.es<\/div>\n<figure class=\"wp-block-embed\">\n<div class=\"wp-block-embed__wrapper\">\u00a0<\/div>\n<\/figure>\n<p><!-- \/wp:embed --><\/p>\n<p><!-- wp:image {\"id\":136,\"sizeSlug\":\"full\",\"linkDestination\":\"none\"} --><\/p>\n<figure class=\"wp-block-image size-full\"><\/figure>\n<p><!-- \/wp:image --><\/p>\n<p><!-- wp:image {\"id\":137,\"sizeSlug\":\"full\",\"linkDestination\":\"none\"} --><\/p>\n<figure class=\"wp-block-image size-full\"><\/figure>\n<p><!-- \/wp:image --><\/p>\n<p><!-- wp:image {\"id\":138,\"sizeSlug\":\"full\",\"linkDestination\":\"none\"} --><\/p>\n<figure class=\"wp-block-image size-full\"><\/figure>\n<p><!-- \/wp:image --><\/p>\t\t\t\t\t\t\t\t<\/div>\n\t\t\t\t<\/div>\n\t\t\t\t\t<\/div>\n\t\t<\/div>\n\t\t\t\t\t<\/div>\n\t\t<\/section>\n\t\t\t\t<section class=\"elementor-section elementor-top-section elementor-element elementor-element-c17998e elementor-section-boxed elementor-section-height-default elementor-section-height-default\" data-id=\"c17998e\" data-element_type=\"section\" data-e-type=\"section\">\n\t\t\t\t\t\t<div class=\"elementor-container elementor-column-gap-default\">\n\t\t\t\t\t<div class=\"elementor-column elementor-col-100 elementor-top-column elementor-element elementor-element-38a847d\" data-id=\"38a847d\" data-element_type=\"column\" data-e-type=\"column\">\n\t\t\t<div class=\"elementor-widget-wrap elementor-element-populated\">\n\t\t\t\t\t\t<div class=\"elementor-element elementor-element-9775c20 elementor-widget elementor-widget-image\" data-id=\"9775c20\" data-element_type=\"widget\" data-e-type=\"widget\" data-widget_type=\"image.default\">\n\t\t\t\t<div class=\"elementor-widget-container\">\n\t\t\t\t\t\t\t\t\t\t\t\t\t\t\t<img decoding=\"async\" width=\"591\" height=\"333\" src=\"https:\/\/metadestinoscv.es\/wp-content\/uploads\/2024\/01\/Logotipo-IES-Tirant-Lo-Blanc.jpg\" class=\"attachment-large size-large wp-image-319\" alt=\"\" srcset=\"https:\/\/metadestinoscv.es\/wp-content\/uploads\/2024\/01\/Logotipo-IES-Tirant-Lo-Blanc.jpg 591w, https:\/\/metadestinoscv.es\/wp-content\/uploads\/2024\/01\/Logotipo-IES-Tirant-Lo-Blanc-300x169.jpg 300w\" sizes=\"(max-width: 591px) 100vw, 591px\" \/>\t\t\t\t\t\t\t\t\t\t\t\t\t\t\t<\/div>\n\t\t\t\t<\/div>\n\t\t\t\t\t<\/div>\n\t\t<\/div>\n\t\t\t\t\t<\/div>\n\t\t<\/section>\n\t\t\t\t<section class=\"elementor-section elementor-top-section elementor-element elementor-element-073596a elementor-section-boxed elementor-section-height-default elementor-section-height-default\" data-id=\"073596a\" data-element_type=\"section\" data-e-type=\"section\">\n\t\t\t\t\t\t<div class=\"elementor-container elementor-column-gap-default\">\n\t\t\t\t\t<div class=\"elementor-column elementor-col-100 elementor-top-column elementor-element elementor-element-659d9d7\" data-id=\"659d9d7\" data-element_type=\"column\" data-e-type=\"column\">\n\t\t\t<div class=\"elementor-widget-wrap elementor-element-populated\">\n\t\t\t\t\t\t<div class=\"elementor-element elementor-element-6c0700d elementor-widget elementor-widget-image\" data-id=\"6c0700d\" data-element_type=\"widget\" data-e-type=\"widget\" data-widget_type=\"image.default\">\n\t\t\t\t<div class=\"elementor-widget-container\">\n\t\t\t\t\t\t\t\t\t\t\t\t\t\t\t<img loading=\"lazy\" decoding=\"async\" width=\"591\" height=\"333\" src=\"https:\/\/metadestinoscv.es\/wp-content\/uploads\/2024\/01\/Buganvilla_16_novenos.jpg\" class=\"attachment-full size-full wp-image-320\" alt=\"\" srcset=\"https:\/\/metadestinoscv.es\/wp-content\/uploads\/2024\/01\/Buganvilla_16_novenos.jpg 591w, https:\/\/metadestinoscv.es\/wp-content\/uploads\/2024\/01\/Buganvilla_16_novenos-300x169.jpg 300w\" sizes=\"(max-width: 591px) 100vw, 591px\" \/>\t\t\t\t\t\t\t\t\t\t\t\t\t\t\t<\/div>\n\t\t\t\t<\/div>\n\t\t\t\t\t<\/div>\n\t\t<\/div>\n\t\t\t\t\t<\/div>\n\t\t<\/section>\n\t\t\t\t<section class=\"elementor-section elementor-top-section elementor-element elementor-element-125b3ca elementor-section-boxed elementor-section-height-default elementor-section-height-default\" data-id=\"125b3ca\" data-element_type=\"section\" data-e-type=\"section\">\n\t\t\t\t\t\t<div class=\"elementor-container elementor-column-gap-default\">\n\t\t\t\t\t<div class=\"elementor-column elementor-col-100 elementor-top-column elementor-element elementor-element-57651cb\" data-id=\"57651cb\" data-element_type=\"column\" data-e-type=\"column\">\n\t\t\t<div class=\"elementor-widget-wrap elementor-element-populated\">\n\t\t\t\t\t\t<div class=\"elementor-element elementor-element-c6780ec elementor-widget elementor-widget-image\" data-id=\"c6780ec\" data-element_type=\"widget\" data-e-type=\"widget\" data-widget_type=\"image.default\">\n\t\t\t\t<div class=\"elementor-widget-container\">\n\t\t\t\t\t\t\t\t\t\t\t\t\t\t\t<img loading=\"lazy\" decoding=\"async\" width=\"591\" height=\"333\" src=\"https:\/\/metadestinoscv.es\/wp-content\/uploads\/2024\/01\/Entrada_16_novenos.jpg\" class=\"attachment-full size-full wp-image-321\" alt=\"\" srcset=\"https:\/\/metadestinoscv.es\/wp-content\/uploads\/2024\/01\/Entrada_16_novenos.jpg 591w, https:\/\/metadestinoscv.es\/wp-content\/uploads\/2024\/01\/Entrada_16_novenos-300x169.jpg 300w\" sizes=\"(max-width: 591px) 100vw, 591px\" \/>\t\t\t\t\t\t\t\t\t\t\t\t\t\t\t<\/div>\n\t\t\t\t<\/div>\n\t\t\t\t\t<\/div>\n\t\t<\/div>\n\t\t\t\t\t<\/div>\n\t\t<\/section>\n\t\t\t\t<\/div>\n\t\t","protected":false},"excerpt":{"rendered":"<p>IES TIRANT LO BLANC IES Tirant lo Blanc Desde 1.989 el IES Tirant lo Blanc es un centro de referencia en Elche. Se encuentra situado en la calle Pedro Juan Perpi\u00f1\u00e1n, 91.El centro ofrece estudios de E.S.O., Bachillerato General, de Ciencias, Humanidades, y Ciencias sociales. Adem\u00e1s, ofrece los siguientes estudios de Formaci\u00f3n Profesional: Familia profesional [&hellip;]<\/p>\n","protected":false},"author":1,"featured_media":0,"parent":0,"menu_order":0,"comment_status":"closed","ping_status":"closed","template":"elementor_canvas","meta":{"footnotes":""},"class_list":["post-62","page","type-page","status-publish","hentry"],"yoast_head":"<!-- This site is optimized with the Yoast SEO plugin v27.1.1 - https:\/\/yoast.com\/product\/yoast-seo-wordpress\/ -->\n<title>IES Tirant lo Blanc\u00a0 - Metadestinos CV. Tu red de destinos virtuales<\/title>\n<meta name=\"robots\" content=\"index, follow, max-snippet:-1, max-image-preview:large, max-video-preview:-1\" \/>\n<link rel=\"canonical\" href=\"https:\/\/metadestinoscv.es\/index.php\/i-e-s-tirant-lo-blanc\/\" \/>\n<meta property=\"og:locale\" content=\"es_ES\" \/>\n<meta property=\"og:type\" content=\"article\" \/>\n<meta property=\"og:title\" content=\"IES Tirant lo Blanc\u00a0 - Metadestinos CV. Tu red de destinos virtuales\" \/>\n<meta property=\"og:description\" content=\"IES TIRANT LO BLANC IES Tirant lo Blanc Desde 1.989 el IES Tirant lo Blanc es un centro de referencia en Elche. Se encuentra situado en la calle Pedro Juan Perpi\u00f1\u00e1n, 91.El centro ofrece estudios de E.S.O., Bachillerato General, de Ciencias, Humanidades, y Ciencias sociales. Adem\u00e1s, ofrece los siguientes estudios de Formaci\u00f3n Profesional: Familia profesional [&hellip;]\" \/>\n<meta property=\"og:url\" content=\"https:\/\/metadestinoscv.es\/index.php\/i-e-s-tirant-lo-blanc\/\" \/>\n<meta property=\"og:site_name\" content=\"Metadestinos CV. Tu red de destinos virtuales\" \/>\n<meta property=\"article:modified_time\" content=\"2024-01-15T19:57:04+00:00\" \/>\n<meta property=\"og:image\" content=\"https:\/\/metadestinoscv.es\/wp-content\/uploads\/2023\/05\/logo-metadestinos.png\" \/>\n<meta name=\"twitter:card\" content=\"summary_large_image\" \/>\n<meta name=\"twitter:label1\" content=\"Tiempo de lectura\" \/>\n\t<meta name=\"twitter:data1\" content=\"2 minutos\" \/>\n<script type=\"application\/ld+json\" class=\"yoast-schema-graph\">{\"@context\":\"https:\/\/schema.org\",\"@graph\":[{\"@type\":\"WebPage\",\"@id\":\"https:\/\/metadestinoscv.es\/index.php\/i-e-s-tirant-lo-blanc\/\",\"url\":\"https:\/\/metadestinoscv.es\/index.php\/i-e-s-tirant-lo-blanc\/\",\"name\":\"IES Tirant lo Blanc\u00a0 - Metadestinos CV. Tu red de destinos virtuales\",\"isPartOf\":{\"@id\":\"https:\/\/metadestinoscv.es\/#website\"},\"primaryImageOfPage\":{\"@id\":\"https:\/\/metadestinoscv.es\/index.php\/i-e-s-tirant-lo-blanc\/#primaryimage\"},\"image\":{\"@id\":\"https:\/\/metadestinoscv.es\/index.php\/i-e-s-tirant-lo-blanc\/#primaryimage\"},\"thumbnailUrl\":\"https:\/\/metadestinoscv.es\/wp-content\/uploads\/2023\/05\/logo-metadestinos.png\",\"datePublished\":\"2023-05-12T17:11:54+00:00\",\"dateModified\":\"2024-01-15T19:57:04+00:00\",\"breadcrumb\":{\"@id\":\"https:\/\/metadestinoscv.es\/index.php\/i-e-s-tirant-lo-blanc\/#breadcrumb\"},\"inLanguage\":\"es\",\"potentialAction\":[{\"@type\":\"ReadAction\",\"target\":[\"https:\/\/metadestinoscv.es\/index.php\/i-e-s-tirant-lo-blanc\/\"]}]},{\"@type\":\"ImageObject\",\"inLanguage\":\"es\",\"@id\":\"https:\/\/metadestinoscv.es\/index.php\/i-e-s-tirant-lo-blanc\/#primaryimage\",\"url\":\"https:\/\/metadestinoscv.es\/wp-content\/uploads\/2023\/05\/logo-metadestinos.png\",\"contentUrl\":\"https:\/\/metadestinoscv.es\/wp-content\/uploads\/2023\/05\/logo-metadestinos.png\",\"width\":671,\"height\":134,\"caption\":\"P\u00e1gina principal\"},{\"@type\":\"BreadcrumbList\",\"@id\":\"https:\/\/metadestinoscv.es\/index.php\/i-e-s-tirant-lo-blanc\/#breadcrumb\",\"itemListElement\":[{\"@type\":\"ListItem\",\"position\":1,\"name\":\"Portada\",\"item\":\"https:\/\/metadestinoscv.es\/\"},{\"@type\":\"ListItem\",\"position\":2,\"name\":\"IES Tirant lo Blanc\u00a0\"}]},{\"@type\":\"WebSite\",\"@id\":\"https:\/\/metadestinoscv.es\/#website\",\"url\":\"https:\/\/metadestinoscv.es\/\",\"name\":\"Metadestinos CV. Tu red de destinos virtuales\",\"description\":\"Metadestinos CV. Tu red de destinos virtuales\",\"publisher\":{\"@id\":\"https:\/\/metadestinoscv.es\/#organization\"},\"alternateName\":\"Metadestinos\",\"potentialAction\":[{\"@type\":\"SearchAction\",\"target\":{\"@type\":\"EntryPoint\",\"urlTemplate\":\"https:\/\/metadestinoscv.es\/?s={search_term_string}\"},\"query-input\":{\"@type\":\"PropertyValueSpecification\",\"valueRequired\":true,\"valueName\":\"search_term_string\"}}],\"inLanguage\":\"es\"},{\"@type\":\"Organization\",\"@id\":\"https:\/\/metadestinoscv.es\/#organization\",\"name\":\"Metadestinos CV. Tu red de destinos virtuales\",\"alternateName\":\"Metadestinos\",\"url\":\"https:\/\/metadestinoscv.es\/\",\"logo\":{\"@type\":\"ImageObject\",\"inLanguage\":\"es\",\"@id\":\"https:\/\/metadestinoscv.es\/#\/schema\/logo\/image\/\",\"url\":\"https:\/\/metadestinoscv.es\/wp-content\/uploads\/2023\/05\/logo-metadestinos.png\",\"contentUrl\":\"https:\/\/metadestinoscv.es\/wp-content\/uploads\/2023\/05\/logo-metadestinos.png\",\"width\":671,\"height\":134,\"caption\":\"Metadestinos CV. Tu red de destinos virtuales\"},\"image\":{\"@id\":\"https:\/\/metadestinoscv.es\/#\/schema\/logo\/image\/\"}}]}<\/script>\n<!-- \/ Yoast SEO plugin. -->","yoast_head_json":{"title":"IES Tirant lo Blanc\u00a0 - Metadestinos CV. Tu red de destinos virtuales","robots":{"index":"index","follow":"follow","max-snippet":"max-snippet:-1","max-image-preview":"max-image-preview:large","max-video-preview":"max-video-preview:-1"},"canonical":"https:\/\/metadestinoscv.es\/index.php\/i-e-s-tirant-lo-blanc\/","og_locale":"es_ES","og_type":"article","og_title":"IES Tirant lo Blanc\u00a0 - Metadestinos CV. Tu red de destinos virtuales","og_description":"IES TIRANT LO BLANC IES Tirant lo Blanc Desde 1.989 el IES Tirant lo Blanc es un centro de referencia en Elche. Se encuentra situado en la calle Pedro Juan Perpi\u00f1\u00e1n, 91.El centro ofrece estudios de E.S.O., Bachillerato General, de Ciencias, Humanidades, y Ciencias sociales. Adem\u00e1s, ofrece los siguientes estudios de Formaci\u00f3n Profesional: Familia profesional [&hellip;]","og_url":"https:\/\/metadestinoscv.es\/index.php\/i-e-s-tirant-lo-blanc\/","og_site_name":"Metadestinos CV. Tu red de destinos virtuales","article_modified_time":"2024-01-15T19:57:04+00:00","og_image":[{"url":"https:\/\/metadestinoscv.es\/wp-content\/uploads\/2023\/05\/logo-metadestinos.png","type":"","width":"","height":""}],"twitter_card":"summary_large_image","twitter_misc":{"Tiempo de lectura":"2 minutos"},"schema":{"@context":"https:\/\/schema.org","@graph":[{"@type":"WebPage","@id":"https:\/\/metadestinoscv.es\/index.php\/i-e-s-tirant-lo-blanc\/","url":"https:\/\/metadestinoscv.es\/index.php\/i-e-s-tirant-lo-blanc\/","name":"IES Tirant lo Blanc\u00a0 - Metadestinos CV. Tu red de destinos virtuales","isPartOf":{"@id":"https:\/\/metadestinoscv.es\/#website"},"primaryImageOfPage":{"@id":"https:\/\/metadestinoscv.es\/index.php\/i-e-s-tirant-lo-blanc\/#primaryimage"},"image":{"@id":"https:\/\/metadestinoscv.es\/index.php\/i-e-s-tirant-lo-blanc\/#primaryimage"},"thumbnailUrl":"https:\/\/metadestinoscv.es\/wp-content\/uploads\/2023\/05\/logo-metadestinos.png","datePublished":"2023-05-12T17:11:54+00:00","dateModified":"2024-01-15T19:57:04+00:00","breadcrumb":{"@id":"https:\/\/metadestinoscv.es\/index.php\/i-e-s-tirant-lo-blanc\/#breadcrumb"},"inLanguage":"es","potentialAction":[{"@type":"ReadAction","target":["https:\/\/metadestinoscv.es\/index.php\/i-e-s-tirant-lo-blanc\/"]}]},{"@type":"ImageObject","inLanguage":"es","@id":"https:\/\/metadestinoscv.es\/index.php\/i-e-s-tirant-lo-blanc\/#primaryimage","url":"https:\/\/metadestinoscv.es\/wp-content\/uploads\/2023\/05\/logo-metadestinos.png","contentUrl":"https:\/\/metadestinoscv.es\/wp-content\/uploads\/2023\/05\/logo-metadestinos.png","width":671,"height":134,"caption":"P\u00e1gina principal"},{"@type":"BreadcrumbList","@id":"https:\/\/metadestinoscv.es\/index.php\/i-e-s-tirant-lo-blanc\/#breadcrumb","itemListElement":[{"@type":"ListItem","position":1,"name":"Portada","item":"https:\/\/metadestinoscv.es\/"},{"@type":"ListItem","position":2,"name":"IES Tirant lo Blanc\u00a0"}]},{"@type":"WebSite","@id":"https:\/\/metadestinoscv.es\/#website","url":"https:\/\/metadestinoscv.es\/","name":"Metadestinos CV. Tu red de destinos virtuales","description":"Metadestinos CV. Tu red de destinos virtuales","publisher":{"@id":"https:\/\/metadestinoscv.es\/#organization"},"alternateName":"Metadestinos","potentialAction":[{"@type":"SearchAction","target":{"@type":"EntryPoint","urlTemplate":"https:\/\/metadestinoscv.es\/?s={search_term_string}"},"query-input":{"@type":"PropertyValueSpecification","valueRequired":true,"valueName":"search_term_string"}}],"inLanguage":"es"},{"@type":"Organization","@id":"https:\/\/metadestinoscv.es\/#organization","name":"Metadestinos CV. Tu red de destinos virtuales","alternateName":"Metadestinos","url":"https:\/\/metadestinoscv.es\/","logo":{"@type":"ImageObject","inLanguage":"es","@id":"https:\/\/metadestinoscv.es\/#\/schema\/logo\/image\/","url":"https:\/\/metadestinoscv.es\/wp-content\/uploads\/2023\/05\/logo-metadestinos.png","contentUrl":"https:\/\/metadestinoscv.es\/wp-content\/uploads\/2023\/05\/logo-metadestinos.png","width":671,"height":134,"caption":"Metadestinos CV. Tu red de destinos virtuales"},"image":{"@id":"https:\/\/metadestinoscv.es\/#\/schema\/logo\/image\/"}}]}},"_links":{"self":[{"href":"https:\/\/metadestinoscv.es\/index.php\/wp-json\/wp\/v2\/pages\/62","targetHints":{"allow":["GET"]}}],"collection":[{"href":"https:\/\/metadestinoscv.es\/index.php\/wp-json\/wp\/v2\/pages"}],"about":[{"href":"https:\/\/metadestinoscv.es\/index.php\/wp-json\/wp\/v2\/types\/page"}],"author":[{"embeddable":true,"href":"https:\/\/metadestinoscv.es\/index.php\/wp-json\/wp\/v2\/users\/1"}],"replies":[{"embeddable":true,"href":"https:\/\/metadestinoscv.es\/index.php\/wp-json\/wp\/v2\/comments?post=62"}],"version-history":[{"count":24,"href":"https:\/\/metadestinoscv.es\/index.php\/wp-json\/wp\/v2\/pages\/62\/revisions"}],"predecessor-version":[{"id":372,"href":"https:\/\/metadestinoscv.es\/index.php\/wp-json\/wp\/v2\/pages\/62\/revisions\/372"}],"wp:attachment":[{"href":"https:\/\/metadestinoscv.es\/index.php\/wp-json\/wp\/v2\/media?parent=62"}],"curies":[{"name":"wp","href":"https:\/\/api.w.org\/{rel}","templated":true}]}}