{"id":51,"date":"2023-05-12T17:09:23","date_gmt":"2023-05-12T17:09:23","guid":{"rendered":"https:\/\/metadestinoscv.es\/?page_id=51"},"modified":"2024-01-14T12:53:06","modified_gmt":"2024-01-14T12:53:06","slug":"cipfp-costa-de-azahar","status":"publish","type":"page","link":"https:\/\/metadestinoscv.es\/index.php\/cipfp-costa-de-azahar\/","title":{"rendered":"CIPFP Costa de Azahar\u00a0"},"content":{"rendered":"\t\t<div data-elementor-type=\"wp-page\" data-elementor-id=\"51\" class=\"elementor elementor-51\">\n\t\t\t\t\t\t<section class=\"elementor-section elementor-top-section elementor-element elementor-element-3afbcaa elementor-section-boxed elementor-section-height-default elementor-section-height-default\" data-id=\"3afbcaa\" data-element_type=\"section\" data-e-type=\"section\">\n\t\t\t\t\t\t<div class=\"elementor-container elementor-column-gap-default\">\n\t\t\t\t\t<div class=\"elementor-column elementor-col-100 elementor-top-column elementor-element elementor-element-63c37ab\" data-id=\"63c37ab\" data-element_type=\"column\" data-e-type=\"column\">\n\t\t\t<div class=\"elementor-widget-wrap elementor-element-populated\">\n\t\t\t\t\t\t<section class=\"elementor-section elementor-inner-section elementor-element elementor-element-bff2ba5 elementor-section-boxed elementor-section-height-default elementor-section-height-default\" data-id=\"bff2ba5\" data-element_type=\"section\" data-e-type=\"section\">\n\t\t\t\t\t\t<div class=\"elementor-container elementor-column-gap-default\">\n\t\t\t\t\t<div class=\"elementor-column elementor-col-50 elementor-inner-column elementor-element elementor-element-364648e\" data-id=\"364648e\" data-element_type=\"column\" data-e-type=\"column\">\n\t\t\t<div class=\"elementor-widget-wrap elementor-element-populated\">\n\t\t\t\t\t\t<div class=\"elementor-element elementor-element-08db935 elementor-widget elementor-widget-image\" data-id=\"08db935\" data-element_type=\"widget\" data-e-type=\"widget\" data-widget_type=\"image.default\">\n\t\t\t\t<div class=\"elementor-widget-container\">\n\t\t\t\t\t\t\t\t\t\t\t\t\t\t\t\t<a href=\"https:\/\/metadestinoscv.es\/\">\n\t\t\t\t\t\t\t<img fetchpriority=\"high\" decoding=\"async\" width=\"671\" height=\"134\" src=\"https:\/\/metadestinoscv.es\/wp-content\/uploads\/2023\/05\/logo-metadestinos.png\" class=\"attachment-large size-large wp-image-42\" alt=\"LOGO METADESTINOS CV\" srcset=\"https:\/\/metadestinoscv.es\/wp-content\/uploads\/2023\/05\/logo-metadestinos.png 671w, https:\/\/metadestinoscv.es\/wp-content\/uploads\/2023\/05\/logo-metadestinos-300x60.png 300w\" sizes=\"(max-width: 671px) 100vw, 671px\" \/>\t\t\t\t\t\t\t\t<\/a>\n\t\t\t\t\t\t\t\t\t\t\t\t\t\t\t<\/div>\n\t\t\t\t<\/div>\n\t\t\t\t\t<\/div>\n\t\t<\/div>\n\t\t\t\t<div class=\"elementor-column elementor-col-50 elementor-inner-column elementor-element elementor-element-21313f7\" data-id=\"21313f7\" data-element_type=\"column\" data-e-type=\"column\">\n\t\t\t<div class=\"elementor-widget-wrap elementor-element-populated\">\n\t\t\t\t\t\t<div class=\"elementor-element elementor-element-7e6ee57 elementor-widget elementor-widget-heading\" data-id=\"7e6ee57\" data-element_type=\"widget\" data-e-type=\"widget\" data-widget_type=\"heading.default\">\n\t\t\t\t<div class=\"elementor-widget-container\">\n\t\t\t\t\t<h2 class=\"elementor-heading-title elementor-size-default\">IES COSTA DE AZAHAR<\/h2>\t\t\t\t<\/div>\n\t\t\t\t<\/div>\n\t\t\t\t\t<\/div>\n\t\t<\/div>\n\t\t\t\t\t<\/div>\n\t\t<\/section>\n\t\t\t\t\t<\/div>\n\t\t<\/div>\n\t\t\t\t\t<\/div>\n\t\t<\/section>\n\t\t\t\t<section class=\"elementor-section elementor-top-section elementor-element elementor-element-82f2029 elementor-section-full_width elementor-section-stretched elementor-section-height-default elementor-section-height-default\" data-id=\"82f2029\" data-element_type=\"section\" data-e-type=\"section\" data-settings=\"{&quot;stretch_section&quot;:&quot;section-stretched&quot;}\">\n\t\t\t\t\t\t<div class=\"elementor-container elementor-column-gap-default\">\n\t\t\t\t\t<div class=\"elementor-column elementor-col-100 elementor-top-column elementor-element elementor-element-c426bdd\" data-id=\"c426bdd\" data-element_type=\"column\" data-e-type=\"column\">\n\t\t\t<div class=\"elementor-widget-wrap elementor-element-populated\">\n\t\t\t\t\t\t<div class=\"elementor-element elementor-element-f13dd48 elementor-widget elementor-widget-image\" data-id=\"f13dd48\" data-element_type=\"widget\" data-e-type=\"widget\" data-widget_type=\"image.default\">\n\t\t\t\t<div class=\"elementor-widget-container\">\n\t\t\t\t\t\t\t\t\t\t\t\t\t\t\t<img decoding=\"async\" width=\"2560\" height=\"450\" src=\"https:\/\/metadestinoscv.es\/wp-content\/uploads\/2024\/01\/CostaAzahar.jpg\" class=\"attachment-full size-full wp-image-342\" alt=\"IES COSTA DE AZAHAR\" srcset=\"https:\/\/metadestinoscv.es\/wp-content\/uploads\/2024\/01\/CostaAzahar.jpg 2560w, https:\/\/metadestinoscv.es\/wp-content\/uploads\/2024\/01\/CostaAzahar-300x53.jpg 300w, https:\/\/metadestinoscv.es\/wp-content\/uploads\/2024\/01\/CostaAzahar-1024x180.jpg 1024w, https:\/\/metadestinoscv.es\/wp-content\/uploads\/2024\/01\/CostaAzahar-768x135.jpg 768w, https:\/\/metadestinoscv.es\/wp-content\/uploads\/2024\/01\/CostaAzahar-1536x270.jpg 1536w, https:\/\/metadestinoscv.es\/wp-content\/uploads\/2024\/01\/CostaAzahar-2048x360.jpg 2048w\" sizes=\"(max-width: 2560px) 100vw, 2560px\" \/>\t\t\t\t\t\t\t\t\t\t\t\t\t\t\t<\/div>\n\t\t\t\t<\/div>\n\t\t\t\t\t<\/div>\n\t\t<\/div>\n\t\t\t\t\t<\/div>\n\t\t<\/section>\n\t\t\t\t<section class=\"elementor-section elementor-top-section elementor-element elementor-element-3aa74b05 elementor-section-boxed elementor-section-height-default elementor-section-height-default\" data-id=\"3aa74b05\" data-element_type=\"section\" data-e-type=\"section\">\n\t\t\t\t\t\t<div class=\"elementor-container elementor-column-gap-default\">\n\t\t\t\t\t<div class=\"elementor-column elementor-col-100 elementor-top-column elementor-element elementor-element-44de54f0\" data-id=\"44de54f0\" data-element_type=\"column\" data-e-type=\"column\">\n\t\t\t<div class=\"elementor-widget-wrap elementor-element-populated\">\n\t\t\t\t\t\t<div class=\"elementor-element elementor-element-6c40c24d elementor-widget elementor-widget-text-editor\" data-id=\"6c40c24d\" data-element_type=\"widget\" data-e-type=\"widget\" data-widget_type=\"text-editor.default\">\n\t\t\t\t<div class=\"elementor-widget-container\">\n\t\t\t\t\t\t\t\t\t\n<p>El CIPFP Costa de Azahar, <strong>Cosda<\/strong>, es un centro integrado p\u00fablico de formaci\u00f3n profesional que acoge a las familias profesionales de Hosteler\u00eda y Turismo e Industrias alimentarias y d\u00f3nde se imparten ciclos formativos tanto de la b\u00e1sica como medios, superiores y cursos de especializaci\u00f3n :&nbsp;<\/p>\n\n\n\n<ul class=\"wp-block-list\">\n<li>PROGRAMAS FORMATIVOS&nbsp;<\/li>\n<\/ul>\n\n\n\n<ul class=\"wp-block-list\">\n<li>PFCB de operaciones b\u00e1sicas de cocina.&nbsp;<\/li>\n<\/ul>\n\n\n\n<ul class=\"wp-block-list\">\n<li>FP B\u00e1sica de segunda oportunidad de Cocina y Restauraci\u00f3n.&nbsp;<\/li>\n<\/ul>\n\n\n\n<ul class=\"wp-block-list\">\n<li>GRADO MEDIO&nbsp;<\/li>\n<\/ul>\n\n\n\n<ul class=\"wp-block-list\">\n<li>Cocina y Gastronom\u00eda.&nbsp;<\/li>\n\n\n\n<li>Servicios en Restauraci\u00f3n.&nbsp;<\/li>\n<\/ul>\n\n\n\n<ul class=\"wp-block-list\">\n<li>Panader\u00eda, Reposter\u00eda y Confiter\u00eda.&nbsp;<\/li>\n<\/ul>\n\n\n\n<ul class=\"wp-block-list\">\n<li>GRADO SUPERIOR&nbsp;&nbsp;<\/li>\n<\/ul>\n\n\n\n<ul class=\"wp-block-list\">\n<li>Direcci\u00f3n de Cocina.&nbsp;<\/li>\n\n\n\n<li>Direcci\u00f3n de Servicios en Restauraci\u00f3n&nbsp;<\/li>\n<\/ul>\n\n\n\n<ul class=\"wp-block-list\">\n<li>Ciclo Combinado de Direcci\u00f3n de Cocina y Direcci\u00f3n de Servicios en Restauraci\u00f3n.&nbsp;<\/li>\n\n\n\n<li><strong>Gu\u00eda, Informaci\u00f3n y Asistencias Tur\u00edsticas.<\/strong>&nbsp;<\/li>\n\n\n\n<li><strong>Agencias de Viajes y Gesti\u00f3n de Eventos.<\/strong>&nbsp;<\/li>\n\n\n\n<li><strong>Gesti\u00f3n de Alojamientos Tur\u00edsticos.<\/strong>&nbsp;<\/li>\n<\/ul>\n\n\n\n<ul class=\"wp-block-list\">\n<li>CURSOS DE ESPECIALIZACI\u00d3N&nbsp;<\/li>\n<\/ul>\n\n\n\n<ul class=\"wp-block-list\">\n<li>Curso de Especializaci\u00f3n en Panader\u00eda y Boller\u00eda Artesanal.&nbsp;<\/li>\n<\/ul>\n\n\n\n<p>El centro, que cuenta con una trayectoria de m\u00e1s de 50 a\u00f1os, est\u00e1 ubicado en un entorno privilegiado del Grao de Castell\u00f3n, entre el parque del Pinar y la playa de Castell\u00f3n, y cuenta con unas instalaciones amplias, renovadas y muy adaptadas a las especialidades para las que prepara.&nbsp;<\/p>\n\n\n\n<p>Una de las principales prioridades de Cosda es la de ofrecer una formaci\u00f3n completa y de gran calidad a su alumnado, basada en la implementaci\u00f3n de metodolog\u00edas claramente competenciales e inclusivas que capacitan para la inserci\u00f3n exitosa y eficaz en el mercado laboral.&nbsp;&nbsp;<\/p>\n\n\n\n<figure class=\"wp-block-embed is-type-wp-embed is-provider-cosda wp-block-embed-cosda\"><div class=\"wp-block-embed__wrapper\">\nhttps:\/\/cosda.es\n<\/div><\/figure>\n\n\n\n<figure class=\"wp-block-image size-large\"><img decoding=\"async\" width=\"1024\" height=\"724\" src=\"https:\/\/metadestinoscv.es\/wp-content\/uploads\/2023\/05\/image-3-1024x724.jpeg\" alt=\"\" class=\"wp-image-106\" srcset=\"https:\/\/metadestinoscv.es\/wp-content\/uploads\/2023\/05\/image-3-1024x724.jpeg 1024w, https:\/\/metadestinoscv.es\/wp-content\/uploads\/2023\/05\/image-3-300x212.jpeg 300w, https:\/\/metadestinoscv.es\/wp-content\/uploads\/2023\/05\/image-3-768x543.jpeg 768w, https:\/\/metadestinoscv.es\/wp-content\/uploads\/2023\/05\/image-3-1536x1086.jpeg 1536w, https:\/\/metadestinoscv.es\/wp-content\/uploads\/2023\/05\/image-3.jpeg 1600w\" sizes=\"(max-width: 1024px) 100vw, 1024px\" \/><\/figure>\n\n\n\n<figure class=\"wp-block-image size-large\"><img loading=\"lazy\" decoding=\"async\" width=\"1024\" height=\"685\" src=\"https:\/\/metadestinoscv.es\/wp-content\/uploads\/2023\/05\/image-4-1024x685.jpeg\" alt=\"\" class=\"wp-image-107\" srcset=\"https:\/\/metadestinoscv.es\/wp-content\/uploads\/2023\/05\/image-4-1024x685.jpeg 1024w, https:\/\/metadestinoscv.es\/wp-content\/uploads\/2023\/05\/image-4-300x201.jpeg 300w, https:\/\/metadestinoscv.es\/wp-content\/uploads\/2023\/05\/image-4-768x514.jpeg 768w, https:\/\/metadestinoscv.es\/wp-content\/uploads\/2023\/05\/image-4-1536x1028.jpeg 1536w, https:\/\/metadestinoscv.es\/wp-content\/uploads\/2023\/05\/image-4.jpeg 1600w\" sizes=\"(max-width: 1024px) 100vw, 1024px\" \/><\/figure>\n\n\n\n<figure class=\"wp-block-image size-large\"><img loading=\"lazy\" decoding=\"async\" width=\"1024\" height=\"768\" src=\"https:\/\/metadestinoscv.es\/wp-content\/uploads\/2023\/05\/image-6-1024x768.jpeg\" alt=\"\" class=\"wp-image-109\" srcset=\"https:\/\/metadestinoscv.es\/wp-content\/uploads\/2023\/05\/image-6-1024x768.jpeg 1024w, https:\/\/metadestinoscv.es\/wp-content\/uploads\/2023\/05\/image-6-300x225.jpeg 300w, https:\/\/metadestinoscv.es\/wp-content\/uploads\/2023\/05\/image-6-768x576.jpeg 768w, https:\/\/metadestinoscv.es\/wp-content\/uploads\/2023\/05\/image-6-1536x1152.jpeg 1536w, https:\/\/metadestinoscv.es\/wp-content\/uploads\/2023\/05\/image-6.jpeg 1600w\" sizes=\"(max-width: 1024px) 100vw, 1024px\" \/><\/figure>\n\n\n\n<figure class=\"wp-block-image size-large\"><img loading=\"lazy\" decoding=\"async\" width=\"768\" height=\"1024\" src=\"https:\/\/metadestinoscv.es\/wp-content\/uploads\/2023\/05\/image-5-768x1024.jpeg\" alt=\"\" class=\"wp-image-108\" srcset=\"https:\/\/metadestinoscv.es\/wp-content\/uploads\/2023\/05\/image-5-768x1024.jpeg 768w, https:\/\/metadestinoscv.es\/wp-content\/uploads\/2023\/05\/image-5-225x300.jpeg 225w, https:\/\/metadestinoscv.es\/wp-content\/uploads\/2023\/05\/image-5-1152x1536.jpeg 1152w, https:\/\/metadestinoscv.es\/wp-content\/uploads\/2023\/05\/image-5.jpeg 1200w\" sizes=\"(max-width: 768px) 100vw, 768px\" \/><\/figure>\n\t\t\t\t\t\t\t\t<\/div>\n\t\t\t\t<\/div>\n\t\t\t\t\t<\/div>\n\t\t<\/div>\n\t\t\t\t\t<\/div>\n\t\t<\/section>\n\t\t\t\t<section class=\"elementor-section elementor-top-section elementor-element elementor-element-6fcba5c elementor-section-boxed elementor-section-height-default elementor-section-height-default\" data-id=\"6fcba5c\" data-element_type=\"section\" data-e-type=\"section\">\n\t\t\t\t\t\t<div class=\"elementor-container elementor-column-gap-default\">\n\t\t\t\t\t<div class=\"elementor-column elementor-col-100 elementor-top-column elementor-element elementor-element-6b1f43c\" data-id=\"6b1f43c\" data-element_type=\"column\" data-e-type=\"column\">\n\t\t\t<div class=\"elementor-widget-wrap elementor-element-populated\">\n\t\t\t\t\t\t<div class=\"elementor-element elementor-element-ae8b093 elementor-widget elementor-widget-text-editor\" data-id=\"ae8b093\" data-element_type=\"widget\" data-e-type=\"widget\" data-widget_type=\"text-editor.default\">\n\t\t\t\t<div class=\"elementor-widget-container\">\n\t\t\t\t\t\t\t\t\t<p>\u00a9 2024 Metadestino CV. Tu red de destinos virtuales.<\/p>\t\t\t\t\t\t\t\t<\/div>\n\t\t\t\t<\/div>\n\t\t\t\t\t<\/div>\n\t\t<\/div>\n\t\t\t\t\t<\/div>\n\t\t<\/section>\n\t\t\t\t<\/div>\n\t\t","protected":false},"excerpt":{"rendered":"<p>IES COSTA DE AZAHAR El CIPFP Costa de Azahar, Cosda, es un centro integrado p\u00fablico de formaci\u00f3n profesional que acoge a las familias profesionales de Hosteler\u00eda y Turismo e Industrias alimentarias y d\u00f3nde se imparten ciclos formativos tanto de la b\u00e1sica como medios, superiores y cursos de especializaci\u00f3n :&nbsp; El centro, que cuenta con una [&hellip;]<\/p>\n","protected":false},"author":1,"featured_media":0,"parent":0,"menu_order":0,"comment_status":"closed","ping_status":"closed","template":"elementor_canvas","meta":{"footnotes":""},"class_list":["post-51","page","type-page","status-publish","hentry"],"yoast_head":"<!-- This site is optimized with the Yoast SEO plugin v27.1.1 - https:\/\/yoast.com\/product\/yoast-seo-wordpress\/ -->\n<title>CIPFP Costa de Azahar\u00a0 - Metadestinos CV. Tu red de destinos virtuales<\/title>\n<meta name=\"robots\" content=\"index, follow, max-snippet:-1, max-image-preview:large, max-video-preview:-1\" \/>\n<link rel=\"canonical\" href=\"https:\/\/metadestinoscv.es\/index.php\/cipfp-costa-de-azahar\/\" \/>\n<meta property=\"og:locale\" content=\"es_ES\" \/>\n<meta property=\"og:type\" content=\"article\" \/>\n<meta property=\"og:title\" content=\"CIPFP Costa de Azahar\u00a0 - Metadestinos CV. Tu red de destinos virtuales\" \/>\n<meta property=\"og:description\" content=\"IES COSTA DE AZAHAR El CIPFP Costa de Azahar, Cosda, es un centro integrado p\u00fablico de formaci\u00f3n profesional que acoge a las familias profesionales de Hosteler\u00eda y Turismo e Industrias alimentarias y d\u00f3nde se imparten ciclos formativos tanto de la b\u00e1sica como medios, superiores y cursos de especializaci\u00f3n :&nbsp; El centro, que cuenta con una [&hellip;]\" \/>\n<meta property=\"og:url\" content=\"https:\/\/metadestinoscv.es\/index.php\/cipfp-costa-de-azahar\/\" \/>\n<meta property=\"og:site_name\" content=\"Metadestinos CV. Tu red de destinos virtuales\" \/>\n<meta property=\"article:modified_time\" content=\"2024-01-14T12:53:06+00:00\" \/>\n<meta property=\"og:image\" content=\"https:\/\/metadestinoscv.es\/wp-content\/uploads\/2023\/05\/logo-metadestinos.png\" \/>\n<meta name=\"twitter:card\" content=\"summary_large_image\" \/>\n<meta name=\"twitter:label1\" content=\"Tiempo de lectura\" \/>\n\t<meta name=\"twitter:data1\" content=\"3 minutos\" \/>\n<script type=\"application\/ld+json\" class=\"yoast-schema-graph\">{\"@context\":\"https:\/\/schema.org\",\"@graph\":[{\"@type\":\"WebPage\",\"@id\":\"https:\/\/metadestinoscv.es\/index.php\/cipfp-costa-de-azahar\/\",\"url\":\"https:\/\/metadestinoscv.es\/index.php\/cipfp-costa-de-azahar\/\",\"name\":\"CIPFP Costa de Azahar\u00a0 - Metadestinos CV. Tu red de destinos virtuales\",\"isPartOf\":{\"@id\":\"https:\/\/metadestinoscv.es\/#website\"},\"primaryImageOfPage\":{\"@id\":\"https:\/\/metadestinoscv.es\/index.php\/cipfp-costa-de-azahar\/#primaryimage\"},\"image\":{\"@id\":\"https:\/\/metadestinoscv.es\/index.php\/cipfp-costa-de-azahar\/#primaryimage\"},\"thumbnailUrl\":\"https:\/\/metadestinoscv.es\/wp-content\/uploads\/2023\/05\/logo-metadestinos.png\",\"datePublished\":\"2023-05-12T17:09:23+00:00\",\"dateModified\":\"2024-01-14T12:53:06+00:00\",\"breadcrumb\":{\"@id\":\"https:\/\/metadestinoscv.es\/index.php\/cipfp-costa-de-azahar\/#breadcrumb\"},\"inLanguage\":\"es\",\"potentialAction\":[{\"@type\":\"ReadAction\",\"target\":[\"https:\/\/metadestinoscv.es\/index.php\/cipfp-costa-de-azahar\/\"]}]},{\"@type\":\"ImageObject\",\"inLanguage\":\"es\",\"@id\":\"https:\/\/metadestinoscv.es\/index.php\/cipfp-costa-de-azahar\/#primaryimage\",\"url\":\"https:\/\/metadestinoscv.es\/wp-content\/uploads\/2023\/05\/logo-metadestinos.png\",\"contentUrl\":\"https:\/\/metadestinoscv.es\/wp-content\/uploads\/2023\/05\/logo-metadestinos.png\",\"width\":671,\"height\":134,\"caption\":\"P\u00e1gina principal\"},{\"@type\":\"BreadcrumbList\",\"@id\":\"https:\/\/metadestinoscv.es\/index.php\/cipfp-costa-de-azahar\/#breadcrumb\",\"itemListElement\":[{\"@type\":\"ListItem\",\"position\":1,\"name\":\"Portada\",\"item\":\"https:\/\/metadestinoscv.es\/\"},{\"@type\":\"ListItem\",\"position\":2,\"name\":\"CIPFP Costa de Azahar\u00a0\"}]},{\"@type\":\"WebSite\",\"@id\":\"https:\/\/metadestinoscv.es\/#website\",\"url\":\"https:\/\/metadestinoscv.es\/\",\"name\":\"Metadestinos CV. Tu red de destinos virtuales\",\"description\":\"Metadestinos CV. Tu red de destinos virtuales\",\"publisher\":{\"@id\":\"https:\/\/metadestinoscv.es\/#organization\"},\"alternateName\":\"Metadestinos\",\"potentialAction\":[{\"@type\":\"SearchAction\",\"target\":{\"@type\":\"EntryPoint\",\"urlTemplate\":\"https:\/\/metadestinoscv.es\/?s={search_term_string}\"},\"query-input\":{\"@type\":\"PropertyValueSpecification\",\"valueRequired\":true,\"valueName\":\"search_term_string\"}}],\"inLanguage\":\"es\"},{\"@type\":\"Organization\",\"@id\":\"https:\/\/metadestinoscv.es\/#organization\",\"name\":\"Metadestinos CV. Tu red de destinos virtuales\",\"alternateName\":\"Metadestinos\",\"url\":\"https:\/\/metadestinoscv.es\/\",\"logo\":{\"@type\":\"ImageObject\",\"inLanguage\":\"es\",\"@id\":\"https:\/\/metadestinoscv.es\/#\/schema\/logo\/image\/\",\"url\":\"https:\/\/metadestinoscv.es\/wp-content\/uploads\/2023\/05\/logo-metadestinos.png\",\"contentUrl\":\"https:\/\/metadestinoscv.es\/wp-content\/uploads\/2023\/05\/logo-metadestinos.png\",\"width\":671,\"height\":134,\"caption\":\"Metadestinos CV. Tu red de destinos virtuales\"},\"image\":{\"@id\":\"https:\/\/metadestinoscv.es\/#\/schema\/logo\/image\/\"}}]}<\/script>\n<!-- \/ Yoast SEO plugin. -->","yoast_head_json":{"title":"CIPFP Costa de Azahar\u00a0 - Metadestinos CV. Tu red de destinos virtuales","robots":{"index":"index","follow":"follow","max-snippet":"max-snippet:-1","max-image-preview":"max-image-preview:large","max-video-preview":"max-video-preview:-1"},"canonical":"https:\/\/metadestinoscv.es\/index.php\/cipfp-costa-de-azahar\/","og_locale":"es_ES","og_type":"article","og_title":"CIPFP Costa de Azahar\u00a0 - Metadestinos CV. Tu red de destinos virtuales","og_description":"IES COSTA DE AZAHAR El CIPFP Costa de Azahar, Cosda, es un centro integrado p\u00fablico de formaci\u00f3n profesional que acoge a las familias profesionales de Hosteler\u00eda y Turismo e Industrias alimentarias y d\u00f3nde se imparten ciclos formativos tanto de la b\u00e1sica como medios, superiores y cursos de especializaci\u00f3n :&nbsp; El centro, que cuenta con una [&hellip;]","og_url":"https:\/\/metadestinoscv.es\/index.php\/cipfp-costa-de-azahar\/","og_site_name":"Metadestinos CV. Tu red de destinos virtuales","article_modified_time":"2024-01-14T12:53:06+00:00","og_image":[{"url":"https:\/\/metadestinoscv.es\/wp-content\/uploads\/2023\/05\/logo-metadestinos.png","type":"","width":"","height":""}],"twitter_card":"summary_large_image","twitter_misc":{"Tiempo de lectura":"3 minutos"},"schema":{"@context":"https:\/\/schema.org","@graph":[{"@type":"WebPage","@id":"https:\/\/metadestinoscv.es\/index.php\/cipfp-costa-de-azahar\/","url":"https:\/\/metadestinoscv.es\/index.php\/cipfp-costa-de-azahar\/","name":"CIPFP Costa de Azahar\u00a0 - Metadestinos CV. Tu red de destinos virtuales","isPartOf":{"@id":"https:\/\/metadestinoscv.es\/#website"},"primaryImageOfPage":{"@id":"https:\/\/metadestinoscv.es\/index.php\/cipfp-costa-de-azahar\/#primaryimage"},"image":{"@id":"https:\/\/metadestinoscv.es\/index.php\/cipfp-costa-de-azahar\/#primaryimage"},"thumbnailUrl":"https:\/\/metadestinoscv.es\/wp-content\/uploads\/2023\/05\/logo-metadestinos.png","datePublished":"2023-05-12T17:09:23+00:00","dateModified":"2024-01-14T12:53:06+00:00","breadcrumb":{"@id":"https:\/\/metadestinoscv.es\/index.php\/cipfp-costa-de-azahar\/#breadcrumb"},"inLanguage":"es","potentialAction":[{"@type":"ReadAction","target":["https:\/\/metadestinoscv.es\/index.php\/cipfp-costa-de-azahar\/"]}]},{"@type":"ImageObject","inLanguage":"es","@id":"https:\/\/metadestinoscv.es\/index.php\/cipfp-costa-de-azahar\/#primaryimage","url":"https:\/\/metadestinoscv.es\/wp-content\/uploads\/2023\/05\/logo-metadestinos.png","contentUrl":"https:\/\/metadestinoscv.es\/wp-content\/uploads\/2023\/05\/logo-metadestinos.png","width":671,"height":134,"caption":"P\u00e1gina principal"},{"@type":"BreadcrumbList","@id":"https:\/\/metadestinoscv.es\/index.php\/cipfp-costa-de-azahar\/#breadcrumb","itemListElement":[{"@type":"ListItem","position":1,"name":"Portada","item":"https:\/\/metadestinoscv.es\/"},{"@type":"ListItem","position":2,"name":"CIPFP Costa de Azahar\u00a0"}]},{"@type":"WebSite","@id":"https:\/\/metadestinoscv.es\/#website","url":"https:\/\/metadestinoscv.es\/","name":"Metadestinos CV. Tu red de destinos virtuales","description":"Metadestinos CV. Tu red de destinos virtuales","publisher":{"@id":"https:\/\/metadestinoscv.es\/#organization"},"alternateName":"Metadestinos","potentialAction":[{"@type":"SearchAction","target":{"@type":"EntryPoint","urlTemplate":"https:\/\/metadestinoscv.es\/?s={search_term_string}"},"query-input":{"@type":"PropertyValueSpecification","valueRequired":true,"valueName":"search_term_string"}}],"inLanguage":"es"},{"@type":"Organization","@id":"https:\/\/metadestinoscv.es\/#organization","name":"Metadestinos CV. Tu red de destinos virtuales","alternateName":"Metadestinos","url":"https:\/\/metadestinoscv.es\/","logo":{"@type":"ImageObject","inLanguage":"es","@id":"https:\/\/metadestinoscv.es\/#\/schema\/logo\/image\/","url":"https:\/\/metadestinoscv.es\/wp-content\/uploads\/2023\/05\/logo-metadestinos.png","contentUrl":"https:\/\/metadestinoscv.es\/wp-content\/uploads\/2023\/05\/logo-metadestinos.png","width":671,"height":134,"caption":"Metadestinos CV. Tu red de destinos virtuales"},"image":{"@id":"https:\/\/metadestinoscv.es\/#\/schema\/logo\/image\/"}}]}},"_links":{"self":[{"href":"https:\/\/metadestinoscv.es\/index.php\/wp-json\/wp\/v2\/pages\/51","targetHints":{"allow":["GET"]}}],"collection":[{"href":"https:\/\/metadestinoscv.es\/index.php\/wp-json\/wp\/v2\/pages"}],"about":[{"href":"https:\/\/metadestinoscv.es\/index.php\/wp-json\/wp\/v2\/types\/page"}],"author":[{"embeddable":true,"href":"https:\/\/metadestinoscv.es\/index.php\/wp-json\/wp\/v2\/users\/1"}],"replies":[{"embeddable":true,"href":"https:\/\/metadestinoscv.es\/index.php\/wp-json\/wp\/v2\/comments?post=51"}],"version-history":[{"count":5,"href":"https:\/\/metadestinoscv.es\/index.php\/wp-json\/wp\/v2\/pages\/51\/revisions"}],"predecessor-version":[{"id":346,"href":"https:\/\/metadestinoscv.es\/index.php\/wp-json\/wp\/v2\/pages\/51\/revisions\/346"}],"wp:attachment":[{"href":"https:\/\/metadestinoscv.es\/index.php\/wp-json\/wp\/v2\/media?parent=51"}],"curies":[{"name":"wp","href":"https:\/\/api.w.org\/{rel}","templated":true}]}}