{"id":49,"date":"2023-05-12T17:08:42","date_gmt":"2023-05-12T17:08:42","guid":{"rendered":"https:\/\/metadestinoscv.es\/?page_id=49"},"modified":"2024-01-14T13:30:44","modified_gmt":"2024-01-14T13:30:44","slug":"ies-macia-abela","status":"publish","type":"page","link":"https:\/\/metadestinoscv.es\/index.php\/ies-macia-abela\/","title":{"rendered":"IES Macia Abela"},"content":{"rendered":"\t\t<div data-elementor-type=\"wp-page\" data-elementor-id=\"49\" class=\"elementor elementor-49\">\n\t\t\t\t\t\t<section class=\"elementor-section elementor-top-section elementor-element elementor-element-3974577 elementor-section-boxed elementor-section-height-default elementor-section-height-default\" data-id=\"3974577\" data-element_type=\"section\" data-e-type=\"section\">\n\t\t\t\t\t\t<div class=\"elementor-container elementor-column-gap-default\">\n\t\t\t\t\t<div class=\"elementor-column elementor-col-100 elementor-top-column elementor-element elementor-element-d35c864\" data-id=\"d35c864\" data-element_type=\"column\" data-e-type=\"column\">\n\t\t\t<div class=\"elementor-widget-wrap elementor-element-populated\">\n\t\t\t\t\t\t<section class=\"elementor-section elementor-inner-section elementor-element elementor-element-80f2586 elementor-section-boxed elementor-section-height-default elementor-section-height-default\" data-id=\"80f2586\" data-element_type=\"section\" data-e-type=\"section\">\n\t\t\t\t\t\t<div class=\"elementor-container elementor-column-gap-default\">\n\t\t\t\t\t<div class=\"elementor-column elementor-col-50 elementor-inner-column elementor-element elementor-element-6a0f851\" data-id=\"6a0f851\" data-element_type=\"column\" data-e-type=\"column\">\n\t\t\t<div class=\"elementor-widget-wrap elementor-element-populated\">\n\t\t\t\t\t\t<div class=\"elementor-element elementor-element-fdf12c6 elementor-widget elementor-widget-image\" data-id=\"fdf12c6\" data-element_type=\"widget\" data-e-type=\"widget\" data-widget_type=\"image.default\">\n\t\t\t\t<div class=\"elementor-widget-container\">\n\t\t\t\t\t\t\t\t\t\t\t\t\t\t\t\t<a href=\"https:\/\/metadestinoscv.es\/\">\n\t\t\t\t\t\t\t<img fetchpriority=\"high\" decoding=\"async\" width=\"671\" height=\"134\" src=\"https:\/\/metadestinoscv.es\/wp-content\/uploads\/2023\/05\/logo-metadestinos.png\" class=\"attachment-large size-large wp-image-42\" alt=\"LOGO METADESTINOS CV\" srcset=\"https:\/\/metadestinoscv.es\/wp-content\/uploads\/2023\/05\/logo-metadestinos.png 671w, https:\/\/metadestinoscv.es\/wp-content\/uploads\/2023\/05\/logo-metadestinos-300x60.png 300w\" sizes=\"(max-width: 671px) 100vw, 671px\" \/>\t\t\t\t\t\t\t\t<\/a>\n\t\t\t\t\t\t\t\t\t\t\t\t\t\t\t<\/div>\n\t\t\t\t<\/div>\n\t\t\t\t\t<\/div>\n\t\t<\/div>\n\t\t\t\t<div class=\"elementor-column elementor-col-50 elementor-inner-column elementor-element elementor-element-d477f11\" data-id=\"d477f11\" data-element_type=\"column\" data-e-type=\"column\">\n\t\t\t<div class=\"elementor-widget-wrap elementor-element-populated\">\n\t\t\t\t\t\t<div class=\"elementor-element elementor-element-f2e9681 elementor-widget elementor-widget-heading\" data-id=\"f2e9681\" data-element_type=\"widget\" data-e-type=\"widget\" data-widget_type=\"heading.default\">\n\t\t\t\t<div class=\"elementor-widget-container\">\n\t\t\t\t\t<h2 class=\"elementor-heading-title elementor-size-default\">IES MACI\u00c0 ABELA<\/h2>\t\t\t\t<\/div>\n\t\t\t\t<\/div>\n\t\t\t\t\t<\/div>\n\t\t<\/div>\n\t\t\t\t\t<\/div>\n\t\t<\/section>\n\t\t\t\t\t<\/div>\n\t\t<\/div>\n\t\t\t\t\t<\/div>\n\t\t<\/section>\n\t\t\t\t<header class=\"elementor-section elementor-top-section elementor-element elementor-element-0e641a0 elementor-section-full_width elementor-section-stretched elementor-section-height-default elementor-section-height-default\" data-id=\"0e641a0\" data-element_type=\"section\" data-e-type=\"section\" data-settings=\"{&quot;stretch_section&quot;:&quot;section-stretched&quot;}\">\n\t\t\t\t\t\t<div class=\"elementor-container elementor-column-gap-default\">\n\t\t\t\t\t<div class=\"elementor-column elementor-col-100 elementor-top-column elementor-element elementor-element-249d9fd\" data-id=\"249d9fd\" data-element_type=\"column\" data-e-type=\"column\">\n\t\t\t<div class=\"elementor-widget-wrap elementor-element-populated\">\n\t\t\t\t\t\t<div class=\"elementor-element elementor-element-b9dc7cb elementor-widget elementor-widget-image\" data-id=\"b9dc7cb\" data-element_type=\"widget\" data-e-type=\"widget\" data-widget_type=\"image.default\">\n\t\t\t\t<div class=\"elementor-widget-container\">\n\t\t\t\t\t\t\t\t\t\t\t\t\t\t\t<img decoding=\"async\" width=\"2560\" height=\"450\" src=\"https:\/\/metadestinoscv.es\/wp-content\/uploads\/2024\/01\/panoramicaIES_MaciaAbela.jpg\" class=\"attachment-full size-full wp-image-261\" alt=\"IES MACI\u00c0 ABELA\" srcset=\"https:\/\/metadestinoscv.es\/wp-content\/uploads\/2024\/01\/panoramicaIES_MaciaAbela.jpg 2560w, https:\/\/metadestinoscv.es\/wp-content\/uploads\/2024\/01\/panoramicaIES_MaciaAbela-300x53.jpg 300w, https:\/\/metadestinoscv.es\/wp-content\/uploads\/2024\/01\/panoramicaIES_MaciaAbela-1024x180.jpg 1024w, https:\/\/metadestinoscv.es\/wp-content\/uploads\/2024\/01\/panoramicaIES_MaciaAbela-768x135.jpg 768w, https:\/\/metadestinoscv.es\/wp-content\/uploads\/2024\/01\/panoramicaIES_MaciaAbela-1536x270.jpg 1536w, https:\/\/metadestinoscv.es\/wp-content\/uploads\/2024\/01\/panoramicaIES_MaciaAbela-2048x360.jpg 2048w\" sizes=\"(max-width: 2560px) 100vw, 2560px\" \/>\t\t\t\t\t\t\t\t\t\t\t\t\t\t\t<\/div>\n\t\t\t\t<\/div>\n\t\t\t\t\t<\/div>\n\t\t<\/div>\n\t\t\t\t\t<\/div>\n\t\t<\/header>\n\t\t\t\t<section class=\"elementor-section elementor-top-section elementor-element elementor-element-219e5dff elementor-section-boxed elementor-section-height-default elementor-section-height-default\" data-id=\"219e5dff\" data-element_type=\"section\" data-e-type=\"section\">\n\t\t\t\t\t\t<div class=\"elementor-container elementor-column-gap-default\">\n\t\t\t\t\t<div class=\"elementor-column elementor-col-100 elementor-top-column elementor-element elementor-element-670959a9\" data-id=\"670959a9\" data-element_type=\"column\" data-e-type=\"column\">\n\t\t\t<div class=\"elementor-widget-wrap elementor-element-populated\">\n\t\t\t\t\t\t<div class=\"elementor-element elementor-element-33a71091 elementor-widget elementor-widget-text-editor\" data-id=\"33a71091\" data-element_type=\"widget\" data-e-type=\"widget\" data-widget_type=\"text-editor.default\">\n\t\t\t\t<div class=\"elementor-widget-container\">\n\t\t\t\t\t\t\t\t\t<p><\/p>\n<p>IES MACI\u00c0 ABELA, se encuentra situado en la localidad de Crevillent en la provincia de Alicante, en la Avenida Vicente Guarner S\/N.\u00a0 \u00a0<\/p>\n<p><\/p>\n<p><\/p>\n<p>En el centro se imparte la ESO, el bachillerato de Humanidades y Ciencias Sociales, bachillerato de Ciencias y Tecnolog\u00eda y los siguientes ciclos formativos:\u00a0<\/p>\n<p><\/p>\n<p><\/p>\n<p>Familia Imagen Personal: Grado B\u00e1sico de Peluquer\u00eda y Est\u00e9tica, Grado Medio de Peluquer\u00eda y Cosm\u00e9tica Capilar.\u00a0<\/p>\n<p><\/p>\n<p><\/p>\n<p>Familia de Actividades F\u00edsicas y Deportivas: Grado Superior de Acondicionamiento F\u00edsico.\u00a0<\/p>\n<p><\/p>\n<p><\/p>\n<p>Familia Inform\u00e1tica y Comunicaciones: Grado B\u00e1sico de Inform\u00e1tica de Oficina, Grado Medio de Sistemas Microinform\u00e1ticos y Redes, <strong>Grado Superior Desarrollo Aplicaciones Web,<\/strong> Grado Superior Desarrollo de Aplicaciones Multiplataforma, Grado Superior de Administraci\u00f3n de Sistemas Inform\u00e1ticos en Red<\/p>\n<p>Familia Comercio y Marketing: Grado Superior de Marketing y Publicidad<\/p>\n<p>Web:\u00a0<a style=\"font-size: 16px;\" href=\"https:\/\/portal.edu.gva.es\/iesmaciaabela\/\" target=\"_blank\" rel=\"noreferrer noopener\">https:\/\/portal.edu.gva.es\/iesmaciaabela\/<\/a>\u00a0<\/p>\n<p><\/p>\n<p><\/p>\n<figure><img decoding=\"async\" src=\"https:\/\/metadestinoscv.es\/wp-content\/uploads\/2023\/05\/image-1.png\" alt=\"\" \/><\/figure>\n<p><\/p>\n<p><\/p>\n<figure><img decoding=\"async\" src=\"https:\/\/metadestinoscv.es\/wp-content\/uploads\/2023\/05\/image-18-1024x605.jpeg\" alt=\"\" \/><\/figure>\n<p><\/p>\n<p><\/p>\n<figure><img decoding=\"async\" src=\"https:\/\/metadestinoscv.es\/wp-content\/uploads\/2023\/05\/image-19-1024x530.jpeg\" alt=\"\" \/><\/figure>\n<p><\/p>\t\t\t\t\t\t\t\t<\/div>\n\t\t\t\t<\/div>\n\t\t\t\t\t<\/div>\n\t\t<\/div>\n\t\t\t\t\t<\/div>\n\t\t<\/section>\n\t\t\t\t<section class=\"elementor-section elementor-top-section elementor-element elementor-element-d92e76d elementor-section-boxed elementor-section-height-default elementor-section-height-default\" data-id=\"d92e76d\" data-element_type=\"section\" data-e-type=\"section\">\n\t\t\t\t\t\t<div class=\"elementor-container elementor-column-gap-default\">\n\t\t\t\t\t<div class=\"elementor-column elementor-col-100 elementor-top-column elementor-element elementor-element-15ccccc\" data-id=\"15ccccc\" data-element_type=\"column\" data-e-type=\"column\">\n\t\t\t<div class=\"elementor-widget-wrap elementor-element-populated\">\n\t\t\t\t\t\t<div class=\"elementor-element elementor-element-9d9c7b0 elementor-widget elementor-widget-text-editor\" data-id=\"9d9c7b0\" data-element_type=\"widget\" data-e-type=\"widget\" data-widget_type=\"text-editor.default\">\n\t\t\t\t<div class=\"elementor-widget-container\">\n\t\t\t\t\t\t\t\t\t<p>\u00a9 2024 Metadestino CV. Tu red de destinos virtuales.<\/p>\t\t\t\t\t\t\t\t<\/div>\n\t\t\t\t<\/div>\n\t\t\t\t\t<\/div>\n\t\t<\/div>\n\t\t\t\t\t<\/div>\n\t\t<\/section>\n\t\t\t\t<\/div>\n\t\t","protected":false},"excerpt":{"rendered":"<p>IES MACI\u00c0 ABELA IES MACI\u00c0 ABELA, se encuentra situado en la localidad de Crevillent en la provincia de Alicante, en la Avenida Vicente Guarner S\/N.\u00a0 \u00a0 En el centro se imparte la ESO, el bachillerato de Humanidades y Ciencias Sociales, bachillerato de Ciencias y Tecnolog\u00eda y los siguientes ciclos formativos:\u00a0 Familia Imagen Personal: Grado B\u00e1sico [&hellip;]<\/p>\n","protected":false},"author":1,"featured_media":0,"parent":0,"menu_order":0,"comment_status":"closed","ping_status":"closed","template":"elementor_canvas","meta":{"footnotes":""},"class_list":["post-49","page","type-page","status-publish","hentry"],"yoast_head":"<!-- This site is optimized with the Yoast SEO plugin v27.1.1 - https:\/\/yoast.com\/product\/yoast-seo-wordpress\/ -->\n<title>IES Macia Abela - Metadestinos CV. Tu red de destinos virtuales<\/title>\n<meta name=\"robots\" content=\"index, follow, max-snippet:-1, max-image-preview:large, max-video-preview:-1\" \/>\n<link rel=\"canonical\" href=\"https:\/\/metadestinoscv.es\/index.php\/ies-macia-abela\/\" \/>\n<meta property=\"og:locale\" content=\"es_ES\" \/>\n<meta property=\"og:type\" content=\"article\" \/>\n<meta property=\"og:title\" content=\"IES Macia Abela - Metadestinos CV. Tu red de destinos virtuales\" \/>\n<meta property=\"og:description\" content=\"IES MACI\u00c0 ABELA IES MACI\u00c0 ABELA, se encuentra situado en la localidad de Crevillent en la provincia de Alicante, en la Avenida Vicente Guarner S\/N.\u00a0 \u00a0 En el centro se imparte la ESO, el bachillerato de Humanidades y Ciencias Sociales, bachillerato de Ciencias y Tecnolog\u00eda y los siguientes ciclos formativos:\u00a0 Familia Imagen Personal: Grado B\u00e1sico [&hellip;]\" \/>\n<meta property=\"og:url\" content=\"https:\/\/metadestinoscv.es\/index.php\/ies-macia-abela\/\" \/>\n<meta property=\"og:site_name\" content=\"Metadestinos CV. Tu red de destinos virtuales\" \/>\n<meta property=\"article:modified_time\" content=\"2024-01-14T13:30:44+00:00\" \/>\n<meta property=\"og:image\" content=\"https:\/\/metadestinoscv.es\/wp-content\/uploads\/2023\/05\/logo-metadestinos.png\" \/>\n<meta name=\"twitter:card\" content=\"summary_large_image\" \/>\n<meta name=\"twitter:label1\" content=\"Tiempo de lectura\" \/>\n\t<meta name=\"twitter:data1\" content=\"2 minutos\" \/>\n<script type=\"application\/ld+json\" class=\"yoast-schema-graph\">{\"@context\":\"https:\/\/schema.org\",\"@graph\":[{\"@type\":\"WebPage\",\"@id\":\"https:\/\/metadestinoscv.es\/index.php\/ies-macia-abela\/\",\"url\":\"https:\/\/metadestinoscv.es\/index.php\/ies-macia-abela\/\",\"name\":\"IES Macia Abela - Metadestinos CV. Tu red de destinos virtuales\",\"isPartOf\":{\"@id\":\"https:\/\/metadestinoscv.es\/#website\"},\"primaryImageOfPage\":{\"@id\":\"https:\/\/metadestinoscv.es\/index.php\/ies-macia-abela\/#primaryimage\"},\"image\":{\"@id\":\"https:\/\/metadestinoscv.es\/index.php\/ies-macia-abela\/#primaryimage\"},\"thumbnailUrl\":\"https:\/\/metadestinoscv.es\/wp-content\/uploads\/2023\/05\/logo-metadestinos.png\",\"datePublished\":\"2023-05-12T17:08:42+00:00\",\"dateModified\":\"2024-01-14T13:30:44+00:00\",\"breadcrumb\":{\"@id\":\"https:\/\/metadestinoscv.es\/index.php\/ies-macia-abela\/#breadcrumb\"},\"inLanguage\":\"es\",\"potentialAction\":[{\"@type\":\"ReadAction\",\"target\":[\"https:\/\/metadestinoscv.es\/index.php\/ies-macia-abela\/\"]}]},{\"@type\":\"ImageObject\",\"inLanguage\":\"es\",\"@id\":\"https:\/\/metadestinoscv.es\/index.php\/ies-macia-abela\/#primaryimage\",\"url\":\"https:\/\/metadestinoscv.es\/wp-content\/uploads\/2023\/05\/logo-metadestinos.png\",\"contentUrl\":\"https:\/\/metadestinoscv.es\/wp-content\/uploads\/2023\/05\/logo-metadestinos.png\",\"width\":671,\"height\":134,\"caption\":\"P\u00e1gina principal\"},{\"@type\":\"BreadcrumbList\",\"@id\":\"https:\/\/metadestinoscv.es\/index.php\/ies-macia-abela\/#breadcrumb\",\"itemListElement\":[{\"@type\":\"ListItem\",\"position\":1,\"name\":\"Portada\",\"item\":\"https:\/\/metadestinoscv.es\/\"},{\"@type\":\"ListItem\",\"position\":2,\"name\":\"IES Macia Abela\"}]},{\"@type\":\"WebSite\",\"@id\":\"https:\/\/metadestinoscv.es\/#website\",\"url\":\"https:\/\/metadestinoscv.es\/\",\"name\":\"Metadestinos CV. Tu red de destinos virtuales\",\"description\":\"Metadestinos CV. Tu red de destinos virtuales\",\"publisher\":{\"@id\":\"https:\/\/metadestinoscv.es\/#organization\"},\"alternateName\":\"Metadestinos\",\"potentialAction\":[{\"@type\":\"SearchAction\",\"target\":{\"@type\":\"EntryPoint\",\"urlTemplate\":\"https:\/\/metadestinoscv.es\/?s={search_term_string}\"},\"query-input\":{\"@type\":\"PropertyValueSpecification\",\"valueRequired\":true,\"valueName\":\"search_term_string\"}}],\"inLanguage\":\"es\"},{\"@type\":\"Organization\",\"@id\":\"https:\/\/metadestinoscv.es\/#organization\",\"name\":\"Metadestinos CV. Tu red de destinos virtuales\",\"alternateName\":\"Metadestinos\",\"url\":\"https:\/\/metadestinoscv.es\/\",\"logo\":{\"@type\":\"ImageObject\",\"inLanguage\":\"es\",\"@id\":\"https:\/\/metadestinoscv.es\/#\/schema\/logo\/image\/\",\"url\":\"https:\/\/metadestinoscv.es\/wp-content\/uploads\/2023\/05\/logo-metadestinos.png\",\"contentUrl\":\"https:\/\/metadestinoscv.es\/wp-content\/uploads\/2023\/05\/logo-metadestinos.png\",\"width\":671,\"height\":134,\"caption\":\"Metadestinos CV. Tu red de destinos virtuales\"},\"image\":{\"@id\":\"https:\/\/metadestinoscv.es\/#\/schema\/logo\/image\/\"}}]}<\/script>\n<!-- \/ Yoast SEO plugin. -->","yoast_head_json":{"title":"IES Macia Abela - Metadestinos CV. Tu red de destinos virtuales","robots":{"index":"index","follow":"follow","max-snippet":"max-snippet:-1","max-image-preview":"max-image-preview:large","max-video-preview":"max-video-preview:-1"},"canonical":"https:\/\/metadestinoscv.es\/index.php\/ies-macia-abela\/","og_locale":"es_ES","og_type":"article","og_title":"IES Macia Abela - Metadestinos CV. Tu red de destinos virtuales","og_description":"IES MACI\u00c0 ABELA IES MACI\u00c0 ABELA, se encuentra situado en la localidad de Crevillent en la provincia de Alicante, en la Avenida Vicente Guarner S\/N.\u00a0 \u00a0 En el centro se imparte la ESO, el bachillerato de Humanidades y Ciencias Sociales, bachillerato de Ciencias y Tecnolog\u00eda y los siguientes ciclos formativos:\u00a0 Familia Imagen Personal: Grado B\u00e1sico [&hellip;]","og_url":"https:\/\/metadestinoscv.es\/index.php\/ies-macia-abela\/","og_site_name":"Metadestinos CV. Tu red de destinos virtuales","article_modified_time":"2024-01-14T13:30:44+00:00","og_image":[{"url":"https:\/\/metadestinoscv.es\/wp-content\/uploads\/2023\/05\/logo-metadestinos.png","type":"","width":"","height":""}],"twitter_card":"summary_large_image","twitter_misc":{"Tiempo de lectura":"2 minutos"},"schema":{"@context":"https:\/\/schema.org","@graph":[{"@type":"WebPage","@id":"https:\/\/metadestinoscv.es\/index.php\/ies-macia-abela\/","url":"https:\/\/metadestinoscv.es\/index.php\/ies-macia-abela\/","name":"IES Macia Abela - Metadestinos CV. Tu red de destinos virtuales","isPartOf":{"@id":"https:\/\/metadestinoscv.es\/#website"},"primaryImageOfPage":{"@id":"https:\/\/metadestinoscv.es\/index.php\/ies-macia-abela\/#primaryimage"},"image":{"@id":"https:\/\/metadestinoscv.es\/index.php\/ies-macia-abela\/#primaryimage"},"thumbnailUrl":"https:\/\/metadestinoscv.es\/wp-content\/uploads\/2023\/05\/logo-metadestinos.png","datePublished":"2023-05-12T17:08:42+00:00","dateModified":"2024-01-14T13:30:44+00:00","breadcrumb":{"@id":"https:\/\/metadestinoscv.es\/index.php\/ies-macia-abela\/#breadcrumb"},"inLanguage":"es","potentialAction":[{"@type":"ReadAction","target":["https:\/\/metadestinoscv.es\/index.php\/ies-macia-abela\/"]}]},{"@type":"ImageObject","inLanguage":"es","@id":"https:\/\/metadestinoscv.es\/index.php\/ies-macia-abela\/#primaryimage","url":"https:\/\/metadestinoscv.es\/wp-content\/uploads\/2023\/05\/logo-metadestinos.png","contentUrl":"https:\/\/metadestinoscv.es\/wp-content\/uploads\/2023\/05\/logo-metadestinos.png","width":671,"height":134,"caption":"P\u00e1gina principal"},{"@type":"BreadcrumbList","@id":"https:\/\/metadestinoscv.es\/index.php\/ies-macia-abela\/#breadcrumb","itemListElement":[{"@type":"ListItem","position":1,"name":"Portada","item":"https:\/\/metadestinoscv.es\/"},{"@type":"ListItem","position":2,"name":"IES Macia Abela"}]},{"@type":"WebSite","@id":"https:\/\/metadestinoscv.es\/#website","url":"https:\/\/metadestinoscv.es\/","name":"Metadestinos CV. Tu red de destinos virtuales","description":"Metadestinos CV. Tu red de destinos virtuales","publisher":{"@id":"https:\/\/metadestinoscv.es\/#organization"},"alternateName":"Metadestinos","potentialAction":[{"@type":"SearchAction","target":{"@type":"EntryPoint","urlTemplate":"https:\/\/metadestinoscv.es\/?s={search_term_string}"},"query-input":{"@type":"PropertyValueSpecification","valueRequired":true,"valueName":"search_term_string"}}],"inLanguage":"es"},{"@type":"Organization","@id":"https:\/\/metadestinoscv.es\/#organization","name":"Metadestinos CV. Tu red de destinos virtuales","alternateName":"Metadestinos","url":"https:\/\/metadestinoscv.es\/","logo":{"@type":"ImageObject","inLanguage":"es","@id":"https:\/\/metadestinoscv.es\/#\/schema\/logo\/image\/","url":"https:\/\/metadestinoscv.es\/wp-content\/uploads\/2023\/05\/logo-metadestinos.png","contentUrl":"https:\/\/metadestinoscv.es\/wp-content\/uploads\/2023\/05\/logo-metadestinos.png","width":671,"height":134,"caption":"Metadestinos CV. Tu red de destinos virtuales"},"image":{"@id":"https:\/\/metadestinoscv.es\/#\/schema\/logo\/image\/"}}]}},"_links":{"self":[{"href":"https:\/\/metadestinoscv.es\/index.php\/wp-json\/wp\/v2\/pages\/49","targetHints":{"allow":["GET"]}}],"collection":[{"href":"https:\/\/metadestinoscv.es\/index.php\/wp-json\/wp\/v2\/pages"}],"about":[{"href":"https:\/\/metadestinoscv.es\/index.php\/wp-json\/wp\/v2\/types\/page"}],"author":[{"embeddable":true,"href":"https:\/\/metadestinoscv.es\/index.php\/wp-json\/wp\/v2\/users\/1"}],"replies":[{"embeddable":true,"href":"https:\/\/metadestinoscv.es\/index.php\/wp-json\/wp\/v2\/comments?post=49"}],"version-history":[{"count":38,"href":"https:\/\/metadestinoscv.es\/index.php\/wp-json\/wp\/v2\/pages\/49\/revisions"}],"predecessor-version":[{"id":365,"href":"https:\/\/metadestinoscv.es\/index.php\/wp-json\/wp\/v2\/pages\/49\/revisions\/365"}],"wp:attachment":[{"href":"https:\/\/metadestinoscv.es\/index.php\/wp-json\/wp\/v2\/media?parent=49"}],"curies":[{"name":"wp","href":"https:\/\/api.w.org\/{rel}","templated":true}]}}