{"id":140,"date":"2023-05-12T19:23:14","date_gmt":"2023-05-12T19:23:14","guid":{"rendered":"https:\/\/metadestinoscv.es\/?page_id=140"},"modified":"2024-04-12T17:58:40","modified_gmt":"2024-04-12T17:58:40","slug":"experiencias","status":"publish","type":"page","link":"https:\/\/metadestinoscv.es\/index.php\/experiencias\/","title":{"rendered":"Experiencias"},"content":{"rendered":"\n<p>En el contenido de esta p\u00e1gina se podr\u00e1 visualizar  la narraci\u00f3n de la enriquecedora experiencia vivida tanto por el alumnado  como por el cuerpo docente de cada instituci\u00f3n educativa respectiva.<\/p>\n\n\n\n<div style=\"height:52px\" aria-hidden=\"true\" class=\"wp-block-spacer\"><\/div>\n\n\n\n<h2 class=\"wp-block-heading\">CIPFP Costa de Azahar<\/h2>\n\n\n\n<div style=\"height:27px\" aria-hidden=\"true\" class=\"wp-block-spacer\"><\/div>\n\n\n\n<div class=\"wp-block-columns is-layout-flex wp-container-core-columns-is-layout-9d6595d7 wp-block-columns-is-layout-flex\">\n<div class=\"wp-block-column is-layout-flow wp-block-column-is-layout-flow\">\n<div class=\"wp-block-media-text has-media-on-the-right is-stacked-on-mobile\"><div class=\"wp-block-media-text__content\">\n<p><\/p>\n<\/div><figure class=\"wp-block-media-text__media\"><video controls src=\"https:\/\/metadestinoscv.es\/wp-content\/uploads\/2024\/01\/2467f56a-2b57-4cc5-9f22-cf09495671f9.mp4\"><\/video><\/figure><\/div>\n<\/div>\n\n\n\n<div class=\"wp-block-column is-layout-flow wp-block-column-is-layout-flow\">\n<div class=\"wp-block-media-text is-stacked-on-mobile\"><figure class=\"wp-block-media-text__media\"><video controls src=\"https:\/\/metadestinoscv.es\/wp-content\/uploads\/2024\/01\/2c20b707-3b35-4c02-a6cb-c6d013587ec0.mp4\"><\/video><\/figure><div class=\"wp-block-media-text__content\">\n<p><\/p>\n<\/div><\/div>\n<\/div>\n<\/div>\n\n\n\n<div class=\"wp-block-group\"><div class=\"wp-block-group__inner-container is-layout-constrained wp-block-group-is-layout-constrained\">\n<div class=\"wp-block-columns is-layout-flex wp-container-core-columns-is-layout-9d6595d7 wp-block-columns-is-layout-flex\">\n<div class=\"wp-block-column is-layout-flow wp-block-column-is-layout-flow\">\n<div class=\"wp-block-media-text has-media-on-the-right is-stacked-on-mobile is-vertically-aligned-top\"><div class=\"wp-block-media-text__content\">\n<p><\/p>\n<\/div><figure class=\"wp-block-media-text__media\"><video controls src=\"https:\/\/metadestinoscv.es\/wp-content\/uploads\/2024\/01\/IMG_0951-2.mp4\"><\/video><\/figure><\/div>\n<\/div>\n\n\n\n<div class=\"wp-block-column is-layout-flow wp-block-column-is-layout-flow\">\n<div class=\"wp-block-media-text is-stacked-on-mobile\"><figure class=\"wp-block-media-text__media\"><video controls src=\"https:\/\/metadestinoscv.es\/wp-content\/uploads\/2024\/01\/IMG_2205.mp4\"><\/video><\/figure><div class=\"wp-block-media-text__content\">\n<p><\/p>\n<\/div><\/div>\n<\/div>\n<\/div>\n<\/div><\/div>\n\n\n\n<div style=\"height:60px\" aria-hidden=\"true\" class=\"wp-block-spacer\"><\/div>\n\n\n\n<h2 class=\"wp-block-heading\">IES 8 de Marzo<\/h2>\n\n\n\n<div style=\"height:46px\" aria-hidden=\"true\" class=\"wp-block-spacer\"><\/div>\n\n\n\n<div class=\"wp-block-columns is-layout-flex wp-container-core-columns-is-layout-9d6595d7 wp-block-columns-is-layout-flex\">\n<div class=\"wp-block-column is-layout-flow wp-block-column-is-layout-flow\">\n<div class=\"wp-block-media-text has-media-on-the-right is-stacked-on-mobile\"><div class=\"wp-block-media-text__content\">\n<p><\/p>\n<\/div><figure class=\"wp-block-media-text__media\"><video controls src=\"https:\/\/metadestinoscv.es\/wp-content\/uploads\/2024\/01\/MAKING-OF-ALUMNAT.mp4\"><\/video><\/figure><\/div>\n<\/div>\n\n\n\n<div class=\"wp-block-column is-layout-flow wp-block-column-is-layout-flow\">\n<div class=\"wp-block-media-text is-stacked-on-mobile\"><figure class=\"wp-block-media-text__media\"><video controls src=\"https:\/\/metadestinoscv.es\/wp-content\/uploads\/2024\/01\/MAKING-OF-PROFESSORAT.mov\"><\/video><\/figure><div class=\"wp-block-media-text__content\">\n<p><\/p>\n<\/div><\/div>\n<\/div>\n<\/div>\n\n\n\n<div style=\"height:60px\" aria-hidden=\"true\" class=\"wp-block-spacer\"><\/div>\n\n\n\n<h2 class=\"wp-block-heading\">IES Tirant lo Blanc<\/h2>\n\n\n\n<div style=\"height:60px\" aria-hidden=\"true\" class=\"wp-block-spacer\"><\/div>\n\n\n\n<div class=\"wp-block-columns is-layout-flex wp-container-core-columns-is-layout-9d6595d7 wp-block-columns-is-layout-flex\">\n<div class=\"wp-block-column is-layout-flow wp-block-column-is-layout-flow\">\n<div class=\"wp-block-media-text has-media-on-the-right is-stacked-on-mobile\" style=\"grid-template-columns:auto 85%\"><div class=\"wp-block-media-text__content\">\n<p><\/p>\n<\/div><figure class=\"wp-block-media-text__media\"><video controls src=\"https:\/\/metadestinoscv.es\/wp-content\/uploads\/2024\/04\/METADESTINOS-EXPERIENCIA-PROFESORADO-3-1.mp4\"><\/video><\/figure><\/div>\n<\/div>\n\n\n\n<div class=\"wp-block-column is-layout-flow wp-block-column-is-layout-flow\">\n<div class=\"wp-block-media-text is-stacked-on-mobile\" style=\"grid-template-columns:85% auto\"><figure class=\"wp-block-media-text__media\"><video controls src=\"https:\/\/metadestinoscv.es\/wp-content\/uploads\/2024\/04\/METADESTINOS-EXPERIENCIA-ALUMNADO-3-2.mp4\"><\/video><\/figure><div class=\"wp-block-media-text__content\">\n<p><\/p>\n<\/div><\/div>\n<\/div>\n<\/div>\n","protected":false},"excerpt":{"rendered":"<p>En el contenido de esta p\u00e1gina se podr\u00e1 visualizar la narraci\u00f3n de la enriquecedora experiencia vivida tanto por el alumnado como por el cuerpo docente de cada instituci\u00f3n educativa respectiva. CIPFP Costa de Azahar IES 8 de Marzo IES Tirant lo Blanc<\/p>\n","protected":false},"author":1,"featured_media":0,"parent":0,"menu_order":0,"comment_status":"closed","ping_status":"closed","template":"","meta":{"footnotes":""},"class_list":["post-140","page","type-page","status-publish","hentry"],"yoast_head":"<!-- This site is optimized with the Yoast SEO plugin v27.1.1 - https:\/\/yoast.com\/product\/yoast-seo-wordpress\/ -->\n<title>Experiencias - Metadestinos CV. Tu red de destinos virtuales<\/title>\n<meta name=\"robots\" content=\"index, follow, max-snippet:-1, max-image-preview:large, max-video-preview:-1\" \/>\n<link rel=\"canonical\" href=\"https:\/\/metadestinoscv.es\/index.php\/experiencias\/\" \/>\n<meta property=\"og:locale\" content=\"es_ES\" \/>\n<meta property=\"og:type\" content=\"article\" \/>\n<meta property=\"og:title\" content=\"Experiencias - Metadestinos CV. Tu red de destinos virtuales\" \/>\n<meta property=\"og:description\" content=\"En el contenido de esta p\u00e1gina se podr\u00e1 visualizar la narraci\u00f3n de la enriquecedora experiencia vivida tanto por el alumnado como por el cuerpo docente de cada instituci\u00f3n educativa respectiva. CIPFP Costa de Azahar IES 8 de Marzo IES Tirant lo Blanc\" \/>\n<meta property=\"og:url\" content=\"https:\/\/metadestinoscv.es\/index.php\/experiencias\/\" \/>\n<meta property=\"og:site_name\" content=\"Metadestinos CV. Tu red de destinos virtuales\" \/>\n<meta property=\"article:modified_time\" content=\"2024-04-12T17:58:40+00:00\" \/>\n<meta property=\"og:image\" content=\"https:\/\/metadestinoscv.es\/wp-content\/uploads\/2023\/05\/logo-metadestinos.png\" \/>\n\t<meta property=\"og:image:width\" content=\"671\" \/>\n\t<meta property=\"og:image:height\" content=\"134\" \/>\n\t<meta property=\"og:image:type\" content=\"image\/png\" \/>\n<meta name=\"twitter:card\" content=\"summary_large_image\" \/>\n<meta name=\"twitter:label1\" content=\"Tiempo de lectura\" \/>\n\t<meta name=\"twitter:data1\" content=\"1 minuto\" \/>\n<script type=\"application\/ld+json\" class=\"yoast-schema-graph\">{\"@context\":\"https:\/\/schema.org\",\"@graph\":[{\"@type\":\"WebPage\",\"@id\":\"https:\/\/metadestinoscv.es\/index.php\/experiencias\/\",\"url\":\"https:\/\/metadestinoscv.es\/index.php\/experiencias\/\",\"name\":\"Experiencias - Metadestinos CV. Tu red de destinos virtuales\",\"isPartOf\":{\"@id\":\"https:\/\/metadestinoscv.es\/#website\"},\"datePublished\":\"2023-05-12T19:23:14+00:00\",\"dateModified\":\"2024-04-12T17:58:40+00:00\",\"breadcrumb\":{\"@id\":\"https:\/\/metadestinoscv.es\/index.php\/experiencias\/#breadcrumb\"},\"inLanguage\":\"es\",\"potentialAction\":[{\"@type\":\"ReadAction\",\"target\":[\"https:\/\/metadestinoscv.es\/index.php\/experiencias\/\"]}]},{\"@type\":\"BreadcrumbList\",\"@id\":\"https:\/\/metadestinoscv.es\/index.php\/experiencias\/#breadcrumb\",\"itemListElement\":[{\"@type\":\"ListItem\",\"position\":1,\"name\":\"Portada\",\"item\":\"https:\/\/metadestinoscv.es\/\"},{\"@type\":\"ListItem\",\"position\":2,\"name\":\"Experiencias\"}]},{\"@type\":\"WebSite\",\"@id\":\"https:\/\/metadestinoscv.es\/#website\",\"url\":\"https:\/\/metadestinoscv.es\/\",\"name\":\"Metadestinos CV. Tu red de destinos virtuales\",\"description\":\"Metadestinos CV. Tu red de destinos virtuales\",\"publisher\":{\"@id\":\"https:\/\/metadestinoscv.es\/#organization\"},\"alternateName\":\"Metadestinos\",\"potentialAction\":[{\"@type\":\"SearchAction\",\"target\":{\"@type\":\"EntryPoint\",\"urlTemplate\":\"https:\/\/metadestinoscv.es\/?s={search_term_string}\"},\"query-input\":{\"@type\":\"PropertyValueSpecification\",\"valueRequired\":true,\"valueName\":\"search_term_string\"}}],\"inLanguage\":\"es\"},{\"@type\":\"Organization\",\"@id\":\"https:\/\/metadestinoscv.es\/#organization\",\"name\":\"Metadestinos CV. Tu red de destinos virtuales\",\"alternateName\":\"Metadestinos\",\"url\":\"https:\/\/metadestinoscv.es\/\",\"logo\":{\"@type\":\"ImageObject\",\"inLanguage\":\"es\",\"@id\":\"https:\/\/metadestinoscv.es\/#\/schema\/logo\/image\/\",\"url\":\"https:\/\/metadestinoscv.es\/wp-content\/uploads\/2023\/05\/logo-metadestinos.png\",\"contentUrl\":\"https:\/\/metadestinoscv.es\/wp-content\/uploads\/2023\/05\/logo-metadestinos.png\",\"width\":671,\"height\":134,\"caption\":\"Metadestinos CV. Tu red de destinos virtuales\"},\"image\":{\"@id\":\"https:\/\/metadestinoscv.es\/#\/schema\/logo\/image\/\"}}]}<\/script>\n<!-- \/ Yoast SEO plugin. -->","yoast_head_json":{"title":"Experiencias - Metadestinos CV. Tu red de destinos virtuales","robots":{"index":"index","follow":"follow","max-snippet":"max-snippet:-1","max-image-preview":"max-image-preview:large","max-video-preview":"max-video-preview:-1"},"canonical":"https:\/\/metadestinoscv.es\/index.php\/experiencias\/","og_locale":"es_ES","og_type":"article","og_title":"Experiencias - Metadestinos CV. Tu red de destinos virtuales","og_description":"En el contenido de esta p\u00e1gina se podr\u00e1 visualizar la narraci\u00f3n de la enriquecedora experiencia vivida tanto por el alumnado como por el cuerpo docente de cada instituci\u00f3n educativa respectiva. CIPFP Costa de Azahar IES 8 de Marzo IES Tirant lo Blanc","og_url":"https:\/\/metadestinoscv.es\/index.php\/experiencias\/","og_site_name":"Metadestinos CV. Tu red de destinos virtuales","article_modified_time":"2024-04-12T17:58:40+00:00","og_image":[{"width":671,"height":134,"url":"https:\/\/metadestinoscv.es\/wp-content\/uploads\/2023\/05\/logo-metadestinos.png","type":"image\/png"}],"twitter_card":"summary_large_image","twitter_misc":{"Tiempo de lectura":"1 minuto"},"schema":{"@context":"https:\/\/schema.org","@graph":[{"@type":"WebPage","@id":"https:\/\/metadestinoscv.es\/index.php\/experiencias\/","url":"https:\/\/metadestinoscv.es\/index.php\/experiencias\/","name":"Experiencias - Metadestinos CV. Tu red de destinos virtuales","isPartOf":{"@id":"https:\/\/metadestinoscv.es\/#website"},"datePublished":"2023-05-12T19:23:14+00:00","dateModified":"2024-04-12T17:58:40+00:00","breadcrumb":{"@id":"https:\/\/metadestinoscv.es\/index.php\/experiencias\/#breadcrumb"},"inLanguage":"es","potentialAction":[{"@type":"ReadAction","target":["https:\/\/metadestinoscv.es\/index.php\/experiencias\/"]}]},{"@type":"BreadcrumbList","@id":"https:\/\/metadestinoscv.es\/index.php\/experiencias\/#breadcrumb","itemListElement":[{"@type":"ListItem","position":1,"name":"Portada","item":"https:\/\/metadestinoscv.es\/"},{"@type":"ListItem","position":2,"name":"Experiencias"}]},{"@type":"WebSite","@id":"https:\/\/metadestinoscv.es\/#website","url":"https:\/\/metadestinoscv.es\/","name":"Metadestinos CV. Tu red de destinos virtuales","description":"Metadestinos CV. Tu red de destinos virtuales","publisher":{"@id":"https:\/\/metadestinoscv.es\/#organization"},"alternateName":"Metadestinos","potentialAction":[{"@type":"SearchAction","target":{"@type":"EntryPoint","urlTemplate":"https:\/\/metadestinoscv.es\/?s={search_term_string}"},"query-input":{"@type":"PropertyValueSpecification","valueRequired":true,"valueName":"search_term_string"}}],"inLanguage":"es"},{"@type":"Organization","@id":"https:\/\/metadestinoscv.es\/#organization","name":"Metadestinos CV. Tu red de destinos virtuales","alternateName":"Metadestinos","url":"https:\/\/metadestinoscv.es\/","logo":{"@type":"ImageObject","inLanguage":"es","@id":"https:\/\/metadestinoscv.es\/#\/schema\/logo\/image\/","url":"https:\/\/metadestinoscv.es\/wp-content\/uploads\/2023\/05\/logo-metadestinos.png","contentUrl":"https:\/\/metadestinoscv.es\/wp-content\/uploads\/2023\/05\/logo-metadestinos.png","width":671,"height":134,"caption":"Metadestinos CV. Tu red de destinos virtuales"},"image":{"@id":"https:\/\/metadestinoscv.es\/#\/schema\/logo\/image\/"}}]}},"_links":{"self":[{"href":"https:\/\/metadestinoscv.es\/index.php\/wp-json\/wp\/v2\/pages\/140","targetHints":{"allow":["GET"]}}],"collection":[{"href":"https:\/\/metadestinoscv.es\/index.php\/wp-json\/wp\/v2\/pages"}],"about":[{"href":"https:\/\/metadestinoscv.es\/index.php\/wp-json\/wp\/v2\/types\/page"}],"author":[{"embeddable":true,"href":"https:\/\/metadestinoscv.es\/index.php\/wp-json\/wp\/v2\/users\/1"}],"replies":[{"embeddable":true,"href":"https:\/\/metadestinoscv.es\/index.php\/wp-json\/wp\/v2\/comments?post=140"}],"version-history":[{"count":15,"href":"https:\/\/metadestinoscv.es\/index.php\/wp-json\/wp\/v2\/pages\/140\/revisions"}],"predecessor-version":[{"id":527,"href":"https:\/\/metadestinoscv.es\/index.php\/wp-json\/wp\/v2\/pages\/140\/revisions\/527"}],"wp:attachment":[{"href":"https:\/\/metadestinoscv.es\/index.php\/wp-json\/wp\/v2\/media?parent=140"}],"curies":[{"name":"wp","href":"https:\/\/api.w.org\/{rel}","templated":true}]}}